{"id":85,"date":"2023-04-03T19:28:49","date_gmt":"2023-04-03T17:28:49","guid":{"rendered":"https:\/\/consolatozurigo.esteri.it\/?page_id=85"},"modified":"2025-06-01T12:10:00","modified_gmt":"2025-06-01T11:10:00","slug":"anagrafe-degli-italiani-residenti-allestero-aire","status":"publish","type":"page","link":"https:\/\/consmanchester.esteri.it\/it\/servizi-consolari-e-visti\/servizi-per-il-cittadino-italiano\/anagrafe-degli-italiani-residenti-allestero-aire\/","title":{"rendered":"AIRE &#8211; Anagrafe degli Italiani Residenti all&#8217;Estero"},"content":{"rendered":"<p>I <strong>cittadini italiani residenti all\u2019estero<\/strong> hanno il <strong>dovere iscriversi all\u2019AIRE<\/strong> (Anagrafe degli Italiani Residenti all\u2019Estero) e tenere aggiornata la propria posizione anagrafica. L\u2019iscrizione e l&#8217;aggiornamento sono gratuiti e si effettuano tramite il <a href=\"https:\/\/serviziconsolari.esteri.it\/ScoFE\/index.sco\">Portale Fast-It<\/a>.<\/p>\n<div id=\"collapseDiv1\" class=\"accordion\">\n<p><!-- Accordion 1 --><\/p>\n<div class=\"accordion-item\">\n<p id=\"heading2\" class=\"accordion-header\"><button class=\"accordion-button\" style=\"background-color: #f1f8ff; color: #0066cc; border: 1px solid #ccc; border-left: 4px solid #0066cc; padding: 10px 15px; text-decoration: none; font-weight: bold;\" type=\"button\" data-bs-toggle=\"collapse\" data-bs-target=\"#collapse2\" aria-expanded=\"false\" aria-controls=\"collapse2\"><br \/>\n<strong>Chi deve iscriversi all&#8217;AIRE?<\/strong><br \/>\n<\/button><\/p>\n<div id=\"collapse2\" class=\"accordion-collapse collapse\" role=\"region\" data-bs-parent=\"#collapseDiv1\" aria-labelledby=\"heading2\">\n<div class=\"accordion-body p-6\">\n<p><span style=\"color: #008000;\"><strong>Devono iscriversi all&#8217;AIRE i cittadini italiani (inclusi i doppi cittadini):<\/strong><\/span><\/p>\n<ul>\n<li>che fissano all\u2019estero la <strong>dimora abituale<\/strong> per un periodo di almeno 12 mesi (espatrio);<\/li>\n<li>che <strong>gi\u00e0 risiedono all&#8217;estero<\/strong> (perch\u00e9 nati all\u2019estero o perch\u00e9 acquistano la cittadinanza italiana mentre risiedono all&#8217;estero).<\/li>\n<\/ul>\n<p><span style=\"color: #800000;\"><strong>Non devono iscriversi all\u2019AIRE:<\/strong><\/span><\/p>\n<ul>\n<li>i cittadini che si recano all\u2019estero per un periodo di tempo inferiore ad un anno;<\/li>\n<li>i lavoratori stagionali;<\/li>\n<li>il personale della scuola inviato all\u2019estero nell\u2019ambito di attivit\u00e0 scolastiche fuori dal territorio nazionale;<\/li>\n<li>i dipendenti di ruolo dello Stato in servizio all\u2019estero, che siano notificati ai sensi delle Convenzioni di Vienna del 1961 e del 1963;<\/li>\n<li>i militari italiani in servizio presso gli uffici e le strutture della NATO dislocate all\u2019estero.<\/li>\n<\/ul>\n<\/div>\n<\/div>\n<\/div>\n<p><!-- Accordion 2 --><\/p>\n<div class=\"accordion-item\">\n<p id=\"heading4\" class=\"accordion-header\"><button class=\"accordion-button\" style=\"background-color: #f1f8ff; color: #0066cc; border: 1px solid #ccc; border-left: 4px solid #0066cc; padding: 10px 15px; text-decoration: none; font-weight: bold;\" type=\"button\" data-bs-toggle=\"collapse\" data-bs-target=\"#collapse4\" aria-expanded=\"false\" aria-controls=\"collapse4\"><br \/>\n<b>Cosa succede quando mi iscrivo all&#8217;AIRE?<\/b><br \/>\n<\/button><\/p>\n<div id=\"collapse4\" class=\"accordion-collapse collapse\" role=\"region\" data-bs-parent=\"#collapseDiv1\" aria-labelledby=\"heading4\">\n<div class=\"accordion-body p-6\">\n<p>L\u2019AIRE \u00e8 gestita dai Comuni sulla base delle informazioni provenienti dalle Ambasciate e dai Consolati. Pertanto, se la tua richiesta di iscrizione \u00e8 completa e accoglibile, il Consolato la inoltrer\u00e0 al tuo &#8220;Comune AIRE&#8221; (solitamente, il Comune di ultima residenza). L&#8217;iscrizione si potr\u00e0 considerare avvenuta solo quando il Comune avr\u00e0 provveduto alle attivit\u00e0 di propria competenza.<\/p>\n<p>L\u2019iscrizione all\u2019AIRE comporta la cancellazione dall\u2019Anagrafe Nazionale della Popolazione Residente (ANPR).<\/p>\n<\/div>\n<\/div>\n<\/div>\n<p><!-- Accordion 3 --><\/p>\n<div class=\"accordion-item\">\n<p id=\"heading6\" class=\"accordion-header\"><button class=\"accordion-button\" style=\"background-color: #f1f8ff; color: #0066cc; border: 1px solid #ccc; border-left: 4px solid #0066cc; padding: 10px 15px; text-decoration: none; font-weight: bold;\" type=\"button\" data-bs-toggle=\"collapse\" data-bs-target=\"#collapse6\" aria-expanded=\"false\" aria-controls=\"collapse6\"><br \/>\n<strong>Cosa succede se non mi iscrivo all&#8217;AIRE?<\/strong><br \/>\n<\/button><\/p>\n<div id=\"collapse6\" class=\"accordion-collapse collapse\" role=\"region\" data-bs-parent=\"#collapseDiv1\" aria-labelledby=\"heading6\">\n<div class=\"accordion-body p-6\">\n<p>Senza l&#8217;iscrizione all&#8217;AIRE non \u00e8 possibile accedere alla maggior parte dei <a href=\"https:\/\/consmanchester.esteri.it\/it\/servizi-consolari-e-visti\/servizi-per-il-cittadino-italiano\/\">servizi consolari<\/a> &#8211; quali l&#8217;emissione di passaporti, la trascrizione degli atti di stato civile e il voto all&#8217;estero. In generale, l\u2019esercizio concreto di molti diritti fondamentali dipende dall\u2019iscrizione anagrafica, che se non effettuata correttamente pu\u00f2 comportare conseguenze negative in relazione, ad esempio, ai diritti elettorali, sanitari, sociali e fiscali, civili e personali.<\/p>\n<p>Inoltre, <a href=\"https:\/\/www.esteri.it\/it\/servizi-consolari-e-visti\/italiani-all-estero\/aire_0\/\">a partire dal 2024<\/a>, i Comuni possono irrogare in una sanzione amministrativa pecuniaria compresa tra i 200\u20ac e i 1.000\u20ac per ciascun anno di mancata iscrizione all&#8217;AIRE, fino a un massimo di 5 anni.<\/p>\n<\/div>\n<\/div>\n<\/div>\n<\/div>\n<hr \/>\n<h4>Come fare per&#8230;<\/h4>\n<p>Seleziona dal seguente elenco la tua situazione.<\/p>\n<p><a style=\"background-color: #f1f8ff; color: #0066cc; border: 1px solid #ccc; padding: 10px 15px; text-decoration: none; display: block; width: 100%; border-left: 4px solid #0066cc;\" href=\"https:\/\/consmanchester.esteri.it\/it\/servizi-consolari-e-visti\/servizi-per-il-cittadino-italiano\/anagrafe-degli-italiani-residenti-allestero-aire\/iscriversi-allaire\/\">1. Mi sono trasferito\/a <strong>dall&#8217;Italia all&#8217;Inghilterra<\/strong><\/a><\/p>\n<p><a style=\"background-color: #f1f8ff; color: #0066cc; border: 1px solid #ccc; padding: 10px 15px; text-decoration: none; display: block; width: 100%; border-left: 4px solid #0066cc;\" href=\"https:\/\/consmanchester.esteri.it\/it\/servizi-consolari-e-visti\/servizi-per-il-cittadino-italiano\/anagrafe-degli-italiani-residenti-allestero-aire\/trasferirsi-da-un-altro-stato-estero\/\">2. Mi sono trasferito\/a <strong>dalla circoscrizione di un altro Consolato\/Ambasciata a quella del Consolato a Manchester<\/strong><\/a><\/p>\n<p><a style=\"background-color: #f1f8ff; color: #0066cc; border: 1px solid #ccc; padding: 10px 15px; text-decoration: none; display: block; width: 100%; border-left: 4px solid #0066cc;\" href=\"https:\/\/consmanchester.esteri.it\/it\/servizi-consolari-e-visti\/servizi-per-il-cittadino-italiano\/anagrafe-degli-italiani-residenti-allestero-aire\/aggiornare-il-proprio-indirizzo-o-cambiare-paese\/\">3. Sono gi\u00e0 iscritto presso il Consolato di Manchester e <strong>ho cambiato indirizzo<\/strong><\/a><\/p>\n<p><a style=\"background-color: #f1f8ff; color: #0066cc; border: 1px solid #ccc; padding: 10px 15px; text-decoration: none; display: block; width: 100%; border-left: 4px solid #0066cc;\" href=\"https:\/\/consmanchester.esteri.it\/it\/servizi-consolari-e-visti\/servizi-per-il-cittadino-italiano\/anagrafe-degli-italiani-residenti-allestero-aire\/rimpatrio-in-italia-e-cancellazione-dallaire\/\">4. Mi sono trasferito\/a <strong>dall&#8217;Inghilterra all&#8217;Italia<\/strong><\/a><\/p>\n<p><a style=\"background-color: #f1f8ff; color: #0066cc; border: 1px solid #ccc; padding: 10px 15px; text-decoration: none; display: block; width: 100%; border-left: 4px solid #0066cc;\" href=\"https:\/\/consmanchester.esteri.it\/it\/servizi-consolari-e-visti\/servizi-per-il-cittadino-italiano\/anagrafe-degli-italiani-residenti-allestero-aire\/aggiornare-il-proprio-indirizzo-o-cambiare-paese\/\">5. Mi sono trasferito\/a <strong>dall&#8217;Inghilterra a un altro Stato estero<\/strong><\/a><\/p>\n<p><a style=\"background-color: #f1f8ff; color: #0066cc; border: 1px solid #ccc; padding: 10px 15px; text-decoration: none; display: block; width: 100%; border-left: 4px solid #0066cc;\" href=\"https:\/\/consmanchester.esteri.it\/it\/servizi-consolari-e-visti\/servizi-per-il-cittadino-italiano\/anagrafe-degli-italiani-residenti-allestero-aire\/famiglie-monogenitoriali\/\">6. <strong>Famiglie monogenitoriali <\/strong>(minori che vivono con un solo genitore)<\/a><\/p>\n<p>&nbsp;<\/p>\n","protected":false},"excerpt":{"rendered":"I cittadini italiani residenti all\u2019estero hanno il dovere iscriversi all\u2019AIRE (Anagrafe degli Italiani Residenti all\u2019Estero) e tenere aggiornata la propria posizione anagrafica. L\u2019iscrizione e l&#8217;aggiornamento sono gratuiti e si effettuano tramite il Portale Fast-It. Chi deve iscriversi all&#8217;AIRE? Devono iscriversi all&#8217;AIRE i cittadini italiani (inclusi i doppi cittadini): che fissano all\u2019estero la dimora abituale per [&hellip;]","protected":false},"author":1,"featured_media":0,"parent":59,"menu_order":1,"comment_status":"closed","ping_status":"closed","template":"","meta":{"footnotes":""},"class_list":["post-85","page","type-page","status-publish","hentry"],"_links":{"self":[{"href":"https:\/\/consmanchester.esteri.it\/it\/wp-json\/wp\/v2\/pages\/85","targetHints":{"allow":["GET"]}}],"collection":[{"href":"https:\/\/consmanchester.esteri.it\/it\/wp-json\/wp\/v2\/pages"}],"about":[{"href":"https:\/\/consmanchester.esteri.it\/it\/wp-json\/wp\/v2\/types\/page"}],"author":[{"embeddable":true,"href":"https:\/\/consmanchester.esteri.it\/it\/wp-json\/wp\/v2\/users\/1"}],"replies":[{"embeddable":true,"href":"https:\/\/consmanchester.esteri.it\/it\/wp-json\/wp\/v2\/comments?post=85"}],"version-history":[{"count":9,"href":"https:\/\/consmanchester.esteri.it\/it\/wp-json\/wp\/v2\/pages\/85\/revisions"}],"predecessor-version":[{"id":8120,"href":"https:\/\/consmanchester.esteri.it\/it\/wp-json\/wp\/v2\/pages\/85\/revisions\/8120"}],"up":[{"embeddable":true,"href":"https:\/\/consmanchester.esteri.it\/it\/wp-json\/wp\/v2\/pages\/59"}],"wp:attachment":[{"href":"https:\/\/consmanchester.esteri.it\/it\/wp-json\/wp\/v2\/media?parent=85"}],"curies":[{"name":"wp","href":"https:\/\/api.w.org\/{rel}","templated":true}]}}