{"id":8096,"date":"2026-03-03T11:11:43","date_gmt":"2026-03-03T11:11:43","guid":{"rendered":"https:\/\/consmanchester.esteri.it\/?page_id=8096"},"modified":"2026-03-03T11:12:55","modified_gmt":"2026-03-03T11:12:55","slug":"patenti","status":"publish","type":"page","link":"https:\/\/consmanchester.esteri.it\/it\/servizi-consolari-e-visti\/servizi-per-il-cittadino-italiano\/servizi-notarili\/patenti\/","title":{"rendered":"PATENTI"},"content":{"rendered":"<p style=\"text-align: justify;\">Le informazioni relative alle patenti di guida italiane e britanniche contenute in queste pagine riflettono il contenuto dell\u2019<a href=\"https:\/\/consmanchester.esteri.it\/wp-content\/uploads\/2026\/03\/Accordo-ITA-UK-patenti-di-guida-2023-1.pdf\">Accordo bilaterale tra l\u2019Italia ed il Regno Unito<\/a> entrato in vigore in data\u00a0<strong>30\/03\/2023<\/strong>.<\/p>\n<p style=\"text-align: justify;\">L\u2019art. 20 dell\u2019Accordo specifica che lo stesso si applica ai territori di: Regno Unito, Gibilterra, Guernsey, Jersey e Isola di Man.<\/p>\n<p>&nbsp;<\/p>\n<ol>\n<li><strong>CONVERSIONE DI PATENTE ITALIANA IN PATENTE BRITANNICA<\/strong><\/li>\n<\/ol>\n<p style=\"text-align: justify;\"><strong>I titolari di patente italiana residenti nel Regno Unito possono ottenerne la\u00a0conversione\u00a0in patente britannica presso la\u00a0<\/strong><a href=\"https:\/\/www.gov.uk\/exchange-foreign-driving-licence\"><strong>Driver and Vehicle Licensing Agency<\/strong><\/a><strong>\u00a0\u00a0(DVLA) britannica<\/strong>.<\/p>\n<p style=\"text-align: justify;\">Ci\u00f2 include le patenti\u00a0smarrite e rubate,\u00a0scadute\u00a0senza limiti di tempo\u00a0e le patenti italiane ottenute a loro volta per conversione di patente britannica o di uno Stato con il quale il Regno Unito abbia uno specifico accordo bilaterale (si veda la sezione \u201c<a href=\"https:\/\/www.gov.uk\/exchange-foreign-driving-licence\">designated country or territory<\/a>\u201d).<\/p>\n<p style=\"text-align: justify;\"><strong>La conversione avviene in automatico,\u00a0senza\u00a0dover presentare\u00a0certificato medico, traduzione o attestato di validit\u00e0 della patente<\/strong> (<em>certificate of entitlement<\/em>). Il costo della conversione tramite DVLA si aggira intorno a \u00a340.<\/p>\n<p style=\"text-align: justify;\"><strong>Per tutte le informazioni, gli interessati devono rivolgersi direttamente ed autonomamente alla\u00a0<\/strong><a href=\"https:\/\/www.gov.uk\/exchange-foreign-driving-licence\"><strong>DVLA<\/strong><\/a>\u00a0oppure, eventualmente, all\u2019Ufficio di Motorizzazione Civile competente.<\/p>\n<p>&nbsp;<\/p>\n<ol style=\"text-align: justify;\" start=\"2\">\n<li><strong>CERTIFICATO DI RINNOVO DI PATENTE ITALIANA<\/strong><\/li>\n<\/ol>\n<p style=\"text-align: justify;\"><strong><span style=\"color: #ff0000;\">I titolari di patente di guida italiana<\/span> non sottoposta a provvedimenti restrittivi che siano residenti in\u00a0<\/strong><a href=\"https:\/\/conslondra.esteri.it\/it\/chi-siamo\/la-rete-consolare\/\"><strong>questa circoscrizione consolare<\/strong><\/a><strong>\u00a0da almeno 6 mesi, <span style=\"color: #ff0000;\">e <\/span><\/strong><span style=\"color: #ff0000;\"><strong>che\u00a0non\u00a0possano ottenere la conversione in patente britannica, potranno richiedere all\u2019Ufficio Notarile un certificato di rinnovo della patente italiana a partire da sei mesi precedenti o entro i cinque anni successivi alla scadenza.<\/strong><\/span> Ci\u00f2 si applica, ad esempio, ai titolari di patente italiana ottenuta a sua volta da patente di un Paese con il quale il Regno Unito non abbia uno specifico accordo bilaterale (si veda la sezione \u201c<a href=\"https:\/\/www.gov.uk\/exchange-foreign-driving-licence\">designated country or territory<\/a>\u201d).<\/p>\n<p style=\"text-align: justify;\">Il certificato confermer\u00e0 la validit\u00e0 della patente italiana per la circolazione su strada, con le seguenti durate:<\/p>\n<ul style=\"text-align: justify;\">\n<li>10 anni\n<ul>\n<li>patenti A e B \u2013 titolari sotto i 50 anni di et\u00e0;<\/li>\n<\/ul>\n<\/li>\n<li>5 anni\n<ul>\n<li>patenti A e B \u2013 titolari tra i 50 ed i 70 anni di et\u00e0;<\/li>\n<li>patenti A e B \u2013 titolari diversamente abili sotto i 70 anni di et\u00e0;<\/li>\n<li>patenti C \u2013 titolari sotto i 70 anni di et\u00e0;<\/li>\n<\/ul>\n<\/li>\n<li>3 anni\n<ul>\n<li>patenti A, B e C \u2013 titolari diversamente abili e non, oltre i 70 anni di et\u00e0.<\/li>\n<\/ul>\n<\/li>\n<\/ul>\n<p style=\"text-align: justify;\"><strong>Il certificato dovr\u00e0 essere conservato unitamente alla patente italiana scaduta e presentato, su richiesta, alle autorit\u00e0 competenti.<\/strong><\/p>\n<p style=\"text-align: justify;\"><strong>Una volta ritrasferita la propria residenza anagrafica in Italia, l\u2019interessato dovr\u00e0 presentare il certificato di rinnovo per poter ottenere un duplicato della patente di guida italiana<\/strong>. Il Consolato\u00a0non\u00a0trasmette per registrazione i certificati di rinnovo delle patenti di guida agli Uffici di Motorizzazione Civile in Italia.<\/p>\n<p style=\"text-align: justify;\"><strong>MODALIT\u00c0 DI PRENOTAZIONE DELL\u2019APPUNTAMENTO E COSTO DEL SERVIZIO<\/strong><\/p>\n<p style=\"text-align: justify;\"><strong>Il Consolato organizza giornate dedicate al rinnovo della patente italiana circa ogni tre mesi, presso gli Uffici del Consolato<\/strong> (58 Spring Gardens, M2 1EW, Manchester), <strong>in collaborazione con il centro medico autorizzato Dottore London<\/strong> (<a href=\"https:\/\/www.dottorelondon.com\/it\/contattaci\/\">https:\/\/www.dottorelondon.com\/it\/contattaci\/<\/a>).<\/p>\n<p style=\"text-align: justify;\"><strong><u>Per il 2026, il servizio di rinnovo patenti \u00e8 previsto per mercoled\u00ec 22 aprile, mercoled\u00ec 22 luglio e mercoled\u00ec 21 ottobre<\/u><\/strong>. Per prenotazioni o informazioni si prega di inviare una email all\u2019indirizzo <a href=\"mailto:manchester.notarile@esteri.it\">manchester.notarile@esteri.it<\/a> con indicato nell\u2019oggetto \u201cRINNOVO PATENTE \u2013 COGNOME NOME \u2013 DATA DI NASCITA\u201d.<\/p>\n<p style=\"text-align: justify;\"><strong>All\u2019appuntamento, l\u2019interessato dovr\u00e0 portare:<\/strong><\/p>\n<ol style=\"text-align: justify;\">\n<li><a href=\"https:\/\/consmanchester.esteri.it\/wp-content\/uploads\/2026\/03\/RICHIESTA-DI-RINNOVO-DELLA-PATENTE-DI-GUIDA-ITALIANA.pdf\">Modulo<\/a> richiesta rinnovo patente compilato per intero;<\/li>\n<li>Un proprio documento di identit\u00e0 in corso di validit\u00e0;<\/li>\n<li>Prova di residenza\/domicilio (solamente per i cittadini stranieri e gli italiani non iscritti all\u2019AIRE);<\/li>\n<li>Patente di guida italiana per la quale si intende richiedere il rinnovo;<\/li>\n<li><a href=\"https:\/\/www.ilportaledellautomobilista.it\/web\/portale-automobilista\/patenti_richiesta-attestato-validita-patente#:~:text=Modalit%C3%A0%20per%20ottenere%20l%27attestato,data%20e%20luogo%20di%20nascita\">Attestato di validit\u00e0<\/a>\u00a0della patente\u00a0<strong>italiana<\/strong>\u00a0ottenuta per conversione rilasciato dal competente Ufficio di Motorizzazione Civile;<\/li>\n<li>Certificato di idoneit\u00e0 alla guida rilasciato a seguito di visita medica il giorno dell\u2019appuntamento;<\/li>\n<li>Due\u00a0<a href=\"https:\/\/www.poliziadistato.it\/statics\/10\/fotografia_passaporto_web.pdf\">fototessere formato passaporto<\/a>\u00a0recenti ed identiche tra loro;<\/li>\n<li>Una <em>UK Debit card<\/em> per il pagamento. Il costo del servizio \u00e8 quello indicato agli artt. 66d e 24 (quest\u2019ultimo solo nel caso di cittadini extra Unione Europea) della\u00a0Tabella dei diritti consolari.<\/li>\n<\/ol>\n<p>&nbsp;<\/p>\n<ol style=\"text-align: justify;\" start=\"3\">\n<li><strong>PATENTI BRITANNICHE IN ITALIA<\/strong><\/li>\n<\/ol>\n<p style=\"text-align: justify;\"><strong>Circolare in Italia con patente britannica<\/strong><\/p>\n<p style=\"text-align: justify;\">Le patenti di guida britanniche sono valide per la circolazione sul territorio della Repubblica Italiana\u00a0<strong>fino ad un anno<\/strong>\u00a0dalla data di acquisizione della residenza anagrafica del titolare in Italia.<\/p>\n<p style=\"text-align: justify;\"><strong>Turisti e visitatori<\/strong>\u00a0possono quindi utilizzare la propria patente di guida britannica\u00a0<strong>senza<\/strong>\u00a0<strong>la necessit\u00e0 di ottenere un <em>international driving permit<\/em> o una traduzione ufficiale<\/strong>\u00a0in lingua italiana del documento. Nel caso in cui si intenda noleggiare un veicolo, \u00e8 tuttavia consigliabile verificare i termini specifici del noleggio direttamente ed in anticipo con la compagnia privata di proprio interesse.<\/p>\n<p style=\"text-align: justify;\">I titolari di patente britannica che, invece,\u00a0<strong>trasferiscano la propria residenza<\/strong>\u00a0anagrafica in Italia, potranno utilizzare la patente fino ad un anno dalla data del trasferimento. Successivamente, dovranno richiederne la conversione in patente di guida italiana.<\/p>\n<ul style=\"text-align: justify;\">\n<li><strong>Conversione di Patente Britannica in Patente Italiana<\/strong><\/li>\n<\/ul>\n<p style=\"text-align: justify;\">I titolari di patente di guida britannica che trasferiscono la propria residenza anagrafica in Italia possono ottenerne la\u00a0<strong>conversione<\/strong>\u00a0in patente italiana presso l\u2019<a href=\"https:\/\/www.ilportaledellautomobilista.it\/gms\/ricerca\/$N\/$N\">Ufficio di Motorizzazione Civile<\/a>\u00a0competente per territorio.<\/p>\n<p style=\"text-align: justify;\">Ci\u00f2 include le patenti\u00a0<strong>smarrite<\/strong>\u00a0e\u00a0<strong>rubate<\/strong>, scadute da meno di 5 anni e le patenti britanniche ottenute a loro volta per conversione di patente italiana o di uno stato con il quale l\u2019Italia abbia uno specifico accordo bilaterale.<\/p>\n<p style=\"text-align: justify;\">Per tutte le informazioni, gli interessati dovranno rivolgersi direttamente ed autonomamente all\u2019<a href=\"https:\/\/www.ilportaledellautomobilista.it\/gms\/ricerca\/$N\/$N\">Ufficio di Motorizzazione Civile<\/a>\u00a0competente per il proprio Comune di residenza.<\/p>\n<p>&nbsp;<\/p>\n<ol style=\"text-align: justify;\" start=\"4\">\n<li><strong>PERMESSO INTERNAZIONALE DI GUIDA \/ <em>INTERNATIONAL DRIVING PERMIT<\/em><\/strong><\/li>\n<\/ol>\n<p style=\"text-align: justify;\">Per poter utilizzare la propria patente di guida in Paesi diversi da quello che la ha emessa, potrebbe essere necessario dotarsi di un\u00a0<strong>permesso internazionale di guida<\/strong>, o di una\u00a0<strong>traduzione giurata<\/strong>\u00a0della patente stessa.<\/p>\n<p style=\"text-align: justify;\">Gli interessati dovranno verificare quali siano i requisiti relativi al proprio caso specifico tramite le rappresentanze del paese che ha emesso la patente di guida, presenti nel paese in cui si intende utilizzarla.<\/p>\n<p style=\"text-align: justify;\">Ad esempio, nel caso\u00a0<strong>Italia-Regno Unito<\/strong>:<\/p>\n<p style=\"text-align: justify;\">Le\u00a0<strong>patenti di guida britanniche riportanti la fotografia del titolare sono valide per la circolazione in Italia<\/strong>\u00a0senza alcun bisogno di permesso internazionale di guida n\u00e9 di traduzione giurata. Nel caso di patenti di guida britanniche di altro tipo, sar\u00e0 necessario verificare quali requisiti si applichino tramite le\u00a0<a href=\"https:\/\/www.gov.uk\/world\/organisations\/british-embassy-rome\">rappresentanze britanniche in Italia<\/a>.<\/p>\n<p style=\"text-align: justify;\">Le\u00a0<strong>patenti di guida italiane sono valide per la circolazione nel Regno Unito<\/strong>\u00a0senza bisogno di permesso internazionale di guida n\u00e9 traduzione giurata.<\/p>\n<p style=\"text-align: justify;\">Qualora il\u00a0<strong>permesso internazionale di guida fosse richiesto<\/strong>\u00a0per la circolazione nel paese di interesse, sar\u00e0 necessario rivolgersi direttamente ed autonomamente alle autorit\u00e0 competenti nel paese che ha emesso la patente di guida.\u00a0<strong>Questo Consolato non ha alcuna competenza per il rilascio di tali permessi.<\/strong><\/p>\n<p style=\"text-align: justify;\">Ad esempio:<\/p>\n<p style=\"text-align: justify;\">Patenti di guida\u00a0<strong>italiane<\/strong>:\u00a0<a href=\"https:\/\/www.mit.gov.it\/permesso-internazionale-di-guida\">Uffici di Motorizzazione Civile in Italia<\/a><\/p>\n<p style=\"text-align: justify;\">Patenti di guida\u00a0<strong>britanniche<\/strong>:\u00a0<a href=\"https:\/\/www.gov.uk\/driving-abroad\/get-an-idp\">Post Office<\/a><\/p>\n<p style=\"text-align: justify;\">Qualora venisse richiesta una\u00a0<strong>traduzione giurata<\/strong>\u00a0valida nel paese di destinazione, gli interessati dovranno rivolgersi direttamente ed autonomamente ad un traduttore asseverato nel Regno Unito. La traduzione dovr\u00e0 poi essere legalizzata secondo le modalit\u00e0 richieste dal paese in cui si intende utilizzare la patente di guida.\u00a0<a href=\"https:\/\/www.gov.uk\/government\/publications\/foreign-embassies-in-the-uk\">Le rappresentanze di tale paese nel Regno Unito<\/a>\u00a0potranno offrire tutte le informazioni del caso.<\/p>\n<p style=\"text-align: justify;\">\n","protected":false},"excerpt":{"rendered":"Le informazioni relative alle patenti di guida italiane e britanniche contenute in queste pagine riflettono il contenuto dell\u2019Accordo bilaterale tra l\u2019Italia ed il Regno Unito entrato in vigore in data\u00a030\/03\/2023. L\u2019art. 20 dell\u2019Accordo specifica che lo stesso si applica ai territori di: Regno Unito, Gibilterra, Guernsey, Jersey e Isola di Man. &nbsp; CONVERSIONE DI PATENTE [&hellip;]","protected":false},"author":14,"featured_media":0,"parent":7113,"menu_order":0,"comment_status":"closed","ping_status":"closed","template":"","meta":{"footnotes":""},"class_list":["post-8096","page","type-page","status-publish","hentry"],"_links":{"self":[{"href":"https:\/\/consmanchester.esteri.it\/it\/wp-json\/wp\/v2\/pages\/8096","targetHints":{"allow":["GET"]}}],"collection":[{"href":"https:\/\/consmanchester.esteri.it\/it\/wp-json\/wp\/v2\/pages"}],"about":[{"href":"https:\/\/consmanchester.esteri.it\/it\/wp-json\/wp\/v2\/types\/page"}],"author":[{"embeddable":true,"href":"https:\/\/consmanchester.esteri.it\/it\/wp-json\/wp\/v2\/users\/14"}],"replies":[{"embeddable":true,"href":"https:\/\/consmanchester.esteri.it\/it\/wp-json\/wp\/v2\/comments?post=8096"}],"version-history":[{"count":6,"href":"https:\/\/consmanchester.esteri.it\/it\/wp-json\/wp\/v2\/pages\/8096\/revisions"}],"predecessor-version":[{"id":8146,"href":"https:\/\/consmanchester.esteri.it\/it\/wp-json\/wp\/v2\/pages\/8096\/revisions\/8146"}],"up":[{"embeddable":true,"href":"https:\/\/consmanchester.esteri.it\/it\/wp-json\/wp\/v2\/pages\/7113"}],"wp:attachment":[{"href":"https:\/\/consmanchester.esteri.it\/it\/wp-json\/wp\/v2\/media?parent=8096"}],"curies":[{"name":"wp","href":"https:\/\/api.w.org\/{rel}","templated":true}]}}