{"id":7174,"date":"2025-06-26T15:13:20","date_gmt":"2025-06-26T14:13:20","guid":{"rendered":"https:\/\/consmanchester.esteri.it\/?page_id=7174"},"modified":"2025-06-26T15:15:33","modified_gmt":"2025-06-26T14:15:33","slug":"procure-generali-e-speciali","status":"publish","type":"page","link":"https:\/\/consmanchester.esteri.it\/it\/servizi-consolari-e-visti\/servizi-per-il-cittadino-italiano\/servizi-notarili\/procure-generali-e-speciali\/","title":{"rendered":"Procure generali e speciali"},"content":{"rendered":"<blockquote><p>Il servizio di sottoscrizione di procure e atti notarili presso questo Consolato \u00e8 riservato unicamente ai cittadini italiani che si trovino all\u2019estero in via permanente o temporanea (<a href=\"https:\/\/www.normattiva.it\/uri-res\/N2Ls?urn:nir:stato:decreto.legislativo:2011-02-03;71\">D. Lgs. 71\/2011<\/a>).<\/p>\n<p>I cittadini stranieri (ed i cittadini italiani che siano impossibilitati a recarsi in Consolato), possono ottenere procure ed atti notarili validi in Italia sottoscrivendoli presso un qualsiasi notaio pubblico britannico, e facendo in seguito apostillare l\u2019atto cos\u00ec formato dal\u00a0<a href=\"https:\/\/www.gov.uk\/get-document-legalised\"><em>Legalisation Office<\/em><\/a>\u00a0(molti notai offrono anche questo servizio).<\/p><\/blockquote>\n<hr \/>\n<h5><strong>Procura generale<\/strong><\/h5>\n<p>La\u00a0<strong>procura generale<\/strong>\u00a0\u00e8 quell\u2019atto mediante il quale si conferisce, ad una persona di fiducia, il potere di gestire tutti i propri affari, sia presenti sia futuri. La procura generale \u00e8 rilasciata a tempo indeterminato ed \u00e8 efficace fino alla morte del rappresentato o del procuratore, oppure fino a\u00a0<strong>revoca.<\/strong><\/p>\n<p><strong>Modalit\u00e0 di prenotazione e costo del servizio<\/strong><\/p>\n<p>I cittadini\u00a0<strong>italiani<\/strong>\u00a0che desiderino sottoscrivere una\u00a0<strong>procura generale\u00a0<\/strong>presso questo Consolato, dovranno richiedere un appuntamento scrivendo all\u2019indirizzo\u00a0<a href=\"mailto:manchester.notarile@esteri.it\">manchester.notarile@esteri.it<\/a>, includendo nell\u2019email le seguenti informazioni:<\/p>\n<ol>\n<li>Nome, cognome, data e luogo di nascita, indirizzo di residenza, codice fiscale, stato civile (celibe\/nubile, separato\/a, divorziato\/a, vedovo\/a, coniugato\/a in regime di comunione dei beni, coniugato\/a in regime di separazione dei beni) del rappresentato (persona che conferisce la procura);<\/li>\n<li>Nome, cognome, data e luogo di nascita, indirizzo di residenza, codice fiscale del procuratore (persona che riceve la procura);<\/li>\n<li>Nome, cognome, data e luogo di nascita, indirizzo di residenza e copia di un documento valido di <u>due testimoni<\/u> che dovranno essere presenti il giorno dell\u2019appuntamento (i testimoni dovranno essere in grado di comprendere la lingua italiana).<\/li>\n<\/ol>\n<p>Una volta verificata l\u2019accettabilit\u00e0 della richiesta, l\u2019Ufficio risponder\u00e0 offrendo un appuntamento in Consolato.<\/p>\n<p>All\u2019appuntamento dovr\u00e0 presentarsi la persona che conferisce la procura e, solamente nel caso di matrimonio in regime di comunione dei beni, il coniuge. Sar\u00e0 necessario portare:<\/p>\n<ol>\n<li>Un documento di identit\u00e0 in corso di validit\u00e0;<\/li>\n<li>Una carta di debito britannica per il pagamento. Il costo del servizio \u00e8 indicato nella\u00a0<a href=\"https:\/\/consmanchester.esteri.it\/it\/servizi-consolari-e-visti\/servizi-per-il-cittadino-italiano\/albo-consolare\/tariffe-consolari\/\">Tabella dei diritti consolari<\/a>: art. 17a (costo fisso per la procura generale), e art. 25 (per ciascuna copia conforme richiesta). Si prega di notare che <strong>i pagamenti sono effettuabili in Consolato solamente tramite carta di debito britannica<\/strong> (no <em>contactless<\/em>, no <em>ApplePay<\/em>, no carte di credito, no carte di debito italiane).<\/li>\n<\/ol>\n<p><b>Utilizzo della procura generale<\/b><\/p>\n<p>Il giorno dell\u2019appuntamento verranno rilasciate tante copie conformi della procura generale quante richieste dal rappresentato stesso. Questi dovr\u00e0 provvedere\u00a0<strong>autonomamente<\/strong>\u00a0all\u2019invio dell\u2019originale cartaceo al procuratore (si consiglia l\u2019utilizzo di un corriere privato, invece di <em>Royal Mail<\/em>). Il Consolato non pu\u00f2 emettere dichiarazioni di conformit\u00e0 di copie digitali ad originali cartacei. La procura generale pu\u00f2 essere revocata in qualsiasi momento tramite\u00a0specifico atto.<\/p>\n<hr \/>\n<h5>Procura speciale<\/h5>\n<p><strong>Modalit\u00e0 di prenotazione e costo del servizio<\/strong><\/p>\n<p>I cittadini\u00a0<strong>italiani<\/strong>\u00a0che desiderino sottoscrivere una\u00a0<strong>procura speciale<\/strong> presso questo Consolato dovranno richiedere un appuntamento scrivendo all\u2019indirizzo\u00a0<a href=\"mailto:manchester.notarile@esteri.it\">manchester.notarile@esteri.it<\/a>, allegando:<\/p>\n<ol>\n<li>nome, cognome, data e luogo di nascita, indirizzo di residenza, codice fiscale del rappresentato (persona che conferisce la procura);<\/li>\n<li>nome, cognome, data e luogo di nascita, indirizzo di residenza, codice fiscale del procuratore (persona che riceve la procura);<\/li>\n<li>una bozza della procura in questione, redatta da un notaio in Italia, in formato modificabile (Word).<\/li>\n<\/ol>\n<p>Una volta verificata l\u2019accettabilit\u00e0 della richiesta, l\u2019Ufficio risponder\u00e0 offrendo un appuntamento in Consolato.<\/p>\n<p>All\u2019appuntamento dovr\u00e0 presentarsi solamente la persona che conferisce la procura, e dovr\u00e0 portare:<\/p>\n<ol>\n<li>Un documento di identit\u00e0 in corso di validit\u00e0;<\/li>\n<li>Una carta di debito britannica per il pagamento. Il costo del servizio \u00e8 quanto indicato <a href=\"https:\/\/consmanchester.esteri.it\/it\/servizi-consolari-e-visti\/servizi-per-il-cittadino-italiano\/albo-consolare\/tariffe-consolari\/\">all\u2019art. 18a, della\u00a0Tabella dei diritti consolari<\/a>. Si prega di notare che <strong>i pagamenti sono effettuabili in Consolato solamente tramite carta di debito britannica<\/strong> (no <em>contactless<\/em>, no <em>ApplePay<\/em>, no carte di credito, no carte di debito italiane).<\/li>\n<\/ol>\n<p><b>Utilizzo della procura speciale<\/b><\/p>\n<p>Il giorno dell\u2019appuntamento verr\u00e0 rilasciato agli interessati l\u2019originale della procura speciale. Questi dovranno provvedere\u00a0<strong>autonomamente<\/strong>\u00a0all\u2019invio dell\u2019originale cartaceo al procuratore (si consiglia l\u2019utilizzo di un corriere privato, piuttosto di <em>Royal Mail<\/em>). Il Consolato non pu\u00f2 emettere dichiarazioni di conformit\u00e0 di copie digitali ad originali cartacei. Eventuali ulteriori copie autenticate cartacee possono essere richieste\u00a0seguendo l\u2019apposita procedura.<\/p>\n","protected":false},"excerpt":{"rendered":"Il servizio di sottoscrizione di procure e atti notarili presso questo Consolato \u00e8 riservato unicamente ai cittadini italiani che si trovino all\u2019estero in via permanente o temporanea (D. Lgs. 71\/2011). I cittadini stranieri (ed i cittadini italiani che siano impossibilitati a recarsi in Consolato), possono ottenere procure ed atti notarili validi in Italia sottoscrivendoli presso [&hellip;]","protected":false},"author":13,"featured_media":0,"parent":7113,"menu_order":9,"comment_status":"closed","ping_status":"closed","template":"","meta":{"footnotes":""},"class_list":["post-7174","page","type-page","status-publish","hentry"],"_links":{"self":[{"href":"https:\/\/consmanchester.esteri.it\/it\/wp-json\/wp\/v2\/pages\/7174","targetHints":{"allow":["GET"]}}],"collection":[{"href":"https:\/\/consmanchester.esteri.it\/it\/wp-json\/wp\/v2\/pages"}],"about":[{"href":"https:\/\/consmanchester.esteri.it\/it\/wp-json\/wp\/v2\/types\/page"}],"author":[{"embeddable":true,"href":"https:\/\/consmanchester.esteri.it\/it\/wp-json\/wp\/v2\/users\/13"}],"replies":[{"embeddable":true,"href":"https:\/\/consmanchester.esteri.it\/it\/wp-json\/wp\/v2\/comments?post=7174"}],"version-history":[{"count":2,"href":"https:\/\/consmanchester.esteri.it\/it\/wp-json\/wp\/v2\/pages\/7174\/revisions"}],"predecessor-version":[{"id":7183,"href":"https:\/\/consmanchester.esteri.it\/it\/wp-json\/wp\/v2\/pages\/7174\/revisions\/7183"}],"up":[{"embeddable":true,"href":"https:\/\/consmanchester.esteri.it\/it\/wp-json\/wp\/v2\/pages\/7113"}],"wp:attachment":[{"href":"https:\/\/consmanchester.esteri.it\/it\/wp-json\/wp\/v2\/media?parent=7174"}],"curies":[{"name":"wp","href":"https:\/\/api.w.org\/{rel}","templated":true}]}}