{"id":7148,"date":"2025-06-26T12:21:52","date_gmt":"2025-06-26T11:21:52","guid":{"rendered":"https:\/\/consmanchester.esteri.it\/?page_id=7148"},"modified":"2025-06-26T12:22:10","modified_gmt":"2025-06-26T11:22:10","slug":"dichiarazione-di-separazione-o-di-comunione-dei-beni-tra-coniugi","status":"publish","type":"page","link":"https:\/\/consmanchester.esteri.it\/it\/servizi-consolari-e-visti\/servizi-per-il-cittadino-italiano\/servizi-notarili\/dichiarazione-di-separazione-o-di-comunione-dei-beni-tra-coniugi\/","title":{"rendered":"Dichiarazione di separazione o di comunione dei beni tra coniugi"},"content":{"rendered":"<p>La scelta del regime patrimoniale viene effettuata all\u2019atto del matrimonio, con dichiarazione verbale all\u2019Ufficiale dello Stato Civile o al Parroco celebrante il matrimonio. Successivamente alla celebrazione del matrimonio, \u00e8 possibile rivolgersi a questo Consolato per modificare la scelta effettuata in precedenza, ad esempio per passare dal regime di separazione a quello di comunione dei beni o viceversa, oppure scegliere la legge italiana per la regolamentazione del regime patrimoniale di un matrimonio contratto all\u2019estero.<\/p>\n<p>Il servizio di sottoscrizione di procure e atti notarili presso questo Consolato d\u2019Italia a Manchester \u00e8 riservato unicamente ai cittadini italiani che si trovino all\u2019estero in via permanente o temporanea (<a href=\"https:\/\/www.normattiva.it\/uri-res\/N2Ls?urn:nir:stato:decreto.legislativo:2011-02-03;71\">D. Lgs. 71\/2011<\/a>). Chi fosse impossibilitato a recarsi in Consolato potr\u00e0 sempre ottenere procure ed atti notarili validi in Italia sottoscrivendoli presso un qualsiasi notaio pubblico britannico, e facendo in seguito apostillare l\u2019atto cos\u00ec formato dal\u00a0<a href=\"https:\/\/consmanchester.esteri.it\/it\/servizi-consolari-e-visti\/servizi-per-il-cittadino-italiano\/albo-consolare\/legalizzazioni-apostille-e-traduzioni\/\"><em>Legalisation Office<\/em><\/a>\u00a0(molti notai offrono anche questo servizio).<\/p>\n<hr \/>\n<h5><strong>Modalit\u00e0 di prenotazione e costo del servizio<\/strong><\/h5>\n<p>I coniugi interessati, di cui almeno uno in possesso della cittadinanza italiana, devono richiedere un appuntamento scrivendo all\u2019indirizzo\u00a0<a href=\"mailto:manchester.notarile@esteri.it\">manchester.notarile@esteri.it<\/a>, includendo nell\u2019email le seguenti informazioni:<\/p>\n<ul>\n<li>Nome, cognome, data e luogo di nascita, indirizzo di residenza e codice fiscale del primo coniuge;<\/li>\n<li>Nome, cognome, data e luogo di nascita, indirizzo di residenza e codice fiscale del secondo coniuge;<\/li>\n<li>Data e luogo del matrimonio;<\/li>\n<li>Comune presso il quale il matrimonio verr\u00e0 oppure \u00e8 stato gi\u00e0 trascritto (includendo gli estremi della trascrizione).<\/li>\n<li>nome, cognome, data e luogo di nascita, indirizzo di residenza e copia di un documento valido di <u>due testimoni<\/u> che dovranno essere presenti il giorno dell\u2019appuntamento (i testimoni dovranno essere in grado di comprendere la lingua italiana, non essere famigliari di colui che accetta\/rinuncia all\u2019eredit\u00e0 e non avere conflitto di interessi con la causa).<\/li>\n<\/ul>\n<p>Una volta verificata l\u2019accettabilit\u00e0 della richiesta, l\u2019Ufficio risponder\u00e0 offrendo un appuntamento in Consolato.<\/p>\n<p>All\u2019appuntamento dovranno presentarsi entrambi i coniugi, ed i testimoni, e dovranno portare:<\/p>\n<ol>\n<li>un documento di identit\u00e0 in corso di validit\u00e0;<\/li>\n<li>copia del certificato di matrimonio;<\/li>\n<li>una carta di debito britannica per il pagamento. Il costo del servizio \u00e8 il doppio di quanto indicato <a href=\"https:\/\/consmanchester.esteri.it\/it\/servizi-consolari-e-visti\/servizi-per-il-cittadino-italiano\/albo-consolare\/tariffe-consolari\/\">all\u2019art. 26 della Tabella dei diritti consolari<\/a>. Si prega di notare che <strong>i pagamenti sono effettuabili in Consolato solamente tramite carta di debito britannica<\/strong> (no <em>contactless<\/em>, no <em>ApplePay<\/em>, no carte di credito, no carte di debito italiane).<\/li>\n<\/ol>\n<hr \/>\n<h5><strong>Utilizzo della dichiarazione<\/strong><\/h5>\n<p>Il giorno dell\u2019appuntamento verr\u00e0 rilasciata agli interessati una copia originale della dichiarazione di separazione o comunione dei beni. Gli interessati dovranno provvedere\u00a0<strong>autonomamente<\/strong>\u00a0alla trascrizione della stessa presso il comune italiano competente.<\/p>\n","protected":false},"excerpt":{"rendered":"La scelta del regime patrimoniale viene effettuata all\u2019atto del matrimonio, con dichiarazione verbale all\u2019Ufficiale dello Stato Civile o al Parroco celebrante il matrimonio. Successivamente alla celebrazione del matrimonio, \u00e8 possibile rivolgersi a questo Consolato per modificare la scelta effettuata in precedenza, ad esempio per passare dal regime di separazione a quello di comunione dei beni [&hellip;]","protected":false},"author":13,"featured_media":0,"parent":7113,"menu_order":7,"comment_status":"closed","ping_status":"closed","template":"","meta":{"footnotes":""},"class_list":["post-7148","page","type-page","status-publish","hentry"],"_links":{"self":[{"href":"https:\/\/consmanchester.esteri.it\/it\/wp-json\/wp\/v2\/pages\/7148","targetHints":{"allow":["GET"]}}],"collection":[{"href":"https:\/\/consmanchester.esteri.it\/it\/wp-json\/wp\/v2\/pages"}],"about":[{"href":"https:\/\/consmanchester.esteri.it\/it\/wp-json\/wp\/v2\/types\/page"}],"author":[{"embeddable":true,"href":"https:\/\/consmanchester.esteri.it\/it\/wp-json\/wp\/v2\/users\/13"}],"replies":[{"embeddable":true,"href":"https:\/\/consmanchester.esteri.it\/it\/wp-json\/wp\/v2\/comments?post=7148"}],"version-history":[{"count":2,"href":"https:\/\/consmanchester.esteri.it\/it\/wp-json\/wp\/v2\/pages\/7148\/revisions"}],"predecessor-version":[{"id":7152,"href":"https:\/\/consmanchester.esteri.it\/it\/wp-json\/wp\/v2\/pages\/7148\/revisions\/7152"}],"up":[{"embeddable":true,"href":"https:\/\/consmanchester.esteri.it\/it\/wp-json\/wp\/v2\/pages\/7113"}],"wp:attachment":[{"href":"https:\/\/consmanchester.esteri.it\/it\/wp-json\/wp\/v2\/media?parent=7148"}],"curies":[{"name":"wp","href":"https:\/\/api.w.org\/{rel}","templated":true}]}}