{"id":7130,"date":"2025-06-26T12:14:06","date_gmt":"2025-06-26T11:14:06","guid":{"rendered":"https:\/\/consmanchester.esteri.it\/?page_id=7130"},"modified":"2025-06-26T12:14:06","modified_gmt":"2025-06-26T11:14:06","slug":"autenticazione-di-fotocopia-di-documento","status":"publish","type":"page","link":"https:\/\/consmanchester.esteri.it\/it\/servizi-consolari-e-visti\/servizi-per-il-cittadino-italiano\/servizi-notarili\/autenticazione-di-fotocopia-di-documento\/","title":{"rendered":"Autenticazione di fotocopia di documento"},"content":{"rendered":"<p>Esistono diverse procedure per l\u2019autenticazione di fotocopie, che variano in base al tipo di atto o documento, al richiedente, ed all\u2019utilizzo che ne deve essere fatto.\u00a0<a href=\"https:\/\/www.normattiva.it\/uri-res\/N2Ls?urn:nir:stato:decreto.del.presidente.della.repubblica:2000-12-28;445\">D.P.R. 445\/2000<\/a>.\u00a0Si invitano gli interessati a verificare autonomamente quale tipo di copia venga richiesta nel proprio caso specifico.<\/p>\n<hr \/>\n<p>Le copie di\u00a0<strong>atti notarili<\/strong>\u00a0(procure, atti di rinuncia\/accettazione di eredit\u00e0, \u2026) possono essere prodotte solamente dal notaio che ha rilasciato tali atti e presso il quale questi sono depositati. Per ottenere copie autenticate di\u00a0atti notarili rilasciati da questo Consolato\u00a0\u00e8 in vigore una procedura postale. L\u2019interessato dovr\u00e0 innanzitutto presentare richiesta inviando una email all\u2019indirizzo\u00a0<a href=\"mailto:manchester.notarile@esteri.it\">manchester.notarile@esteri.it<\/a> indicando i propri dati (nome, cognome, data e luogo di nascita) ed i dati dell\u2019atto (numero di repertorio e data della sottoscrizione).<\/p>\n<p>Una volta verificata l\u2019accettabilit\u00e0 della richiesta, l\u2019Ufficio risponder\u00e0 al richiedente per comunicare le modalit\u00e0 di pagamento delle tariffe consolari richieste per la procedura (art. 25 &#8212;link alla pagina delle tariffe consolari&#8212;). Successivamente, a procedura conclusa, l\u2019Ufficio comunicher\u00e0 al richiedente le modalit\u00e0 di ritiro della documentazione tramite posta raccomandata (a spese del richiedente stesso).<\/p>\n<hr \/>\n<p>Le copie di altri <b>documenti conservati<\/b>\u00a0o rilasciati da una pubblica amministrazione, copie di\u00a0<strong>pubblicazioni<\/strong>, di\u00a0<strong>titoli di studio<\/strong>o di servizio e di\u00a0<strong>documenti fiscali<\/strong>\u00a0conservati da privati (registri, fatture, \u2026) possono essere sostituite da una dichiarazione sottoscritta direttamente dall\u2019interessato. Questa soluzione pu\u00f2 essere conveniente laddove l\u2019interessato non possa esibire il documento originale.<\/p>\n<hr \/>\n<p>In\u00a0<strong>altri <\/strong>casi (ad esempio quando il documento di cui viene richiesta copia sia un\u00a0<strong>documento di identit\u00e0<\/strong>rilasciato da un determinato paese\u00a0<strong>extra UE<\/strong>, o il richiedente la copia stessa sia un\u00a0<strong>soggetto privato<\/strong>, \u2026) pu\u00f2 rendersi necessaria una\u00a0<strong>dichiarazione di conformit\u00e0 della fotocopia con l\u2019originale<\/strong>\u00a0resa da una pubblica amministrazione. In questo caso \u00e8 necessario che l\u2019interessato esibisca il documento originale.<\/p>\n<hr \/>\n<h5><strong>Modalit\u00e0 di accesso al servizio e costi<\/strong><\/h5>\n<p>I cittadini\u00a0<strong>italiani<\/strong>\u00a0che desiderino ottenere, presso questo Consolato, l\u2019<strong>autenticazione di fotocopia\u00a0<\/strong>di un documento riferito a loro stessi od a loro familiari diretti, dovranno richiedere un appuntamento scrivendo all\u2019indirizzo\u00a0<a href=\"mailto:manchester.notarile@esteri.it\">manchester.notarile@esteri.it<\/a>.<\/p>\n<p>All\u2019appuntamento sar\u00e0 necessario presentare un proprio documento d\u2019identit\u00e0 italiano in corso di validit\u00e0, la fotocopia da autenticare ed il relativo originale. Nel caso di documenti riferiti ad altra persona sar\u00e0 necessario presentare inoltre\u00a0delega\u00a0firmata e fotocopia del documento d\u2019identit\u00e0 dell\u2019interessato.<\/p>\n<p>I cittadini\u00a0<strong>stranieri<\/strong>\u00a0ed i cittadini italiani che siano impossibilitati a recarsi in Consolato potranno rivolgersi ad un qualsiasi notaio pubblico britannico per ottenere l\u2019autentica di fotocopia e la relativa <a href=\"https:\/\/consmanchester.esteri.it\/it\/servizi-consolari-e-visti\/servizi-per-il-cittadino-italiano\/albo-consolare\/legalizzazioni-apostille-e-traduzioni\/\">legalizzazione tramite apostilla<\/a> necessaria a rendere l\u2019atto valido in Italia.<\/p>\n<p>Il costo del servizio \u00e8 quello indicato <a href=\"https:\/\/consmanchester.esteri.it\/it\/servizi-consolari-e-visti\/servizi-per-il-cittadino-italiano\/albo-consolare\/tariffe-consolari\/\">all\u2019art. 71 della Tabella dei diritti consolari<\/a>. Si prega di notare che <strong>i pagamenti sono effettuabili in Consolato solamente tramite carta di debito britannica<\/strong> (no <em>contactless<\/em>, no <em>ApplePay<\/em>, no carte di credito, no carte italiane).<\/p>\n","protected":false},"excerpt":{"rendered":"Esistono diverse procedure per l\u2019autenticazione di fotocopie, che variano in base al tipo di atto o documento, al richiedente, ed all\u2019utilizzo che ne deve essere fatto.\u00a0D.P.R. 445\/2000.\u00a0Si invitano gli interessati a verificare autonomamente quale tipo di copia venga richiesta nel proprio caso specifico. Le copie di\u00a0atti notarili\u00a0(procure, atti di rinuncia\/accettazione di eredit\u00e0, \u2026) possono essere [&hellip;]","protected":false},"author":13,"featured_media":0,"parent":7113,"menu_order":3,"comment_status":"closed","ping_status":"closed","template":"","meta":{"footnotes":""},"class_list":["post-7130","page","type-page","status-publish","hentry"],"_links":{"self":[{"href":"https:\/\/consmanchester.esteri.it\/it\/wp-json\/wp\/v2\/pages\/7130","targetHints":{"allow":["GET"]}}],"collection":[{"href":"https:\/\/consmanchester.esteri.it\/it\/wp-json\/wp\/v2\/pages"}],"about":[{"href":"https:\/\/consmanchester.esteri.it\/it\/wp-json\/wp\/v2\/types\/page"}],"author":[{"embeddable":true,"href":"https:\/\/consmanchester.esteri.it\/it\/wp-json\/wp\/v2\/users\/13"}],"replies":[{"embeddable":true,"href":"https:\/\/consmanchester.esteri.it\/it\/wp-json\/wp\/v2\/comments?post=7130"}],"version-history":[{"count":1,"href":"https:\/\/consmanchester.esteri.it\/it\/wp-json\/wp\/v2\/pages\/7130\/revisions"}],"predecessor-version":[{"id":7133,"href":"https:\/\/consmanchester.esteri.it\/it\/wp-json\/wp\/v2\/pages\/7130\/revisions\/7133"}],"up":[{"embeddable":true,"href":"https:\/\/consmanchester.esteri.it\/it\/wp-json\/wp\/v2\/pages\/7113"}],"wp:attachment":[{"href":"https:\/\/consmanchester.esteri.it\/it\/wp-json\/wp\/v2\/media?parent=7130"}],"curies":[{"name":"wp","href":"https:\/\/api.w.org\/{rel}","templated":true}]}}