{"id":7121,"date":"2025-06-26T12:08:50","date_gmt":"2025-06-26T11:08:50","guid":{"rendered":"https:\/\/consmanchester.esteri.it\/?page_id=7121"},"modified":"2025-06-26T12:08:50","modified_gmt":"2025-06-26T11:08:50","slug":"assenso-per-rilascio-di-un-documento-di-identita-a-minore-italiano-presso-altra-sede","status":"publish","type":"page","link":"https:\/\/consmanchester.esteri.it\/it\/servizi-consolari-e-visti\/servizi-per-il-cittadino-italiano\/servizi-notarili\/assenso-per-rilascio-di-un-documento-di-identita-a-minore-italiano-presso-altra-sede\/","title":{"rendered":"Assenso per rilascio di un documento di identit\u00e0 a minore italiano presso altra Sede"},"content":{"rendered":"<p>I soli genitori di nazionalit\u00e0\u00a0<strong>extra UE<\/strong>\u00a0di\u00a0<strong>minori italiani<\/strong>\u00a0i cui documenti di identit\u00e0 debbano essere rilasciati da uffici\u00a0<u>NON<\/u>\u00a0appartenenti a questo stesso Consolato (<strong>Questure, Commissariati, Comuni in Italia e altri Consolati e Ambasciate italiani<\/strong>), potranno richiedere un appuntamento per l\u2019autenticazione della propria firma sull\u2019atto di assenso presso l\u2019Ufficio Notarile.<\/p>\n<p>I genitori di nazionalit\u00e0 extra UE che siano\u00a0<strong>impossibilitati a recarsi in Consolato<\/strong>, possono ottenere l\u2019autentica della propria firma sull\u2019atto di assenso sottoscrivendolo presso un qualsiasi notaio pubblico britannico, e facendo in seguito <a href=\"https:\/\/consmanchester.esteri.it\/it\/servizi-consolari-e-visti\/servizi-per-il-cittadino-italiano\/albo-consolare\/legalizzazioni-apostille-e-traduzioni\/\">apostillare l\u2019atto cos\u00ec formato dal\u00a0<em>Legalisation Office<\/em><\/a>\u00a0(molti notai offrono anche questo servizio). L\u2019atto cos\u00ec formato andr\u00e0 poi recapitato, in originale, via posta, al proprio figlio minore il cui documento debba essere rilasciato.<\/p>\n<hr \/>\n<h5><strong>Modalit\u00e0 di prenotazione e costo del servizio<\/strong><\/h5>\n<p>Per prenotare questo servizio \u00e8 necessario scrivere un\u2019email all\u2019indirizzo\u00a0<a href=\"mailto:manchester.notarile@esteri.it\">manchester.notarile@esteri.it<\/a> inserendo le seguenti informazioni:<\/p>\n<ol>\n<li>Nome, cognome e nazionalit\u00e0 del genitore extracomunitario che intende ottenere l\u2019autenticazione della propria firma;<\/li>\n<li>Nome, cognome, data e luogo di nascita del cittadino italiano il cui documento deve essere rilasciato;<\/li>\n<li>Indirizzo email PEC dell\u2019Ufficio che rilascer\u00e0 il documento (rinvenibile sul loro sito);<\/li>\n<li>Data per la quale \u00e8 previsto il rilascio del documento.<\/li>\n<\/ol>\n<p>Una volta verificata l\u2019accettabilit\u00e0 della richiesta, l\u2019Ufficio risponder\u00e0 offrendo un appuntamento in Consolato.<\/p>\n<p>All\u2019appuntamento si dovr\u00e0 presentare solamente il genitore di nazionalit\u00e0 extra UE che dovr\u00e0 portare:<\/p>\n<ol>\n<li>un documento d\u2019identit\u00e0 in corso di validit\u00e0;<\/li>\n<li>il formulario \u201c<u>Atto di assenso<\/u>\u201d compilato MA NON FIRMATO;<\/li>\n<li><strong>carta di debito britannica<\/strong> per il pagamento. Il costo del servizio \u00e8 quanto indicato all\u2019<a href=\"https:\/\/consmanchester.esteri.it\/it\/servizi-consolari-e-visti\/servizi-per-il-cittadino-italiano\/albo-consolare\/tariffe-consolari\/\">art. 19, della\u00a0Tabella dei diritti consolari<\/a>. Si prega di notare che i pagamenti sono effettuabili in Consolato solamente tramite carta di debito britannica (no <em>contactless<\/em>, no <em>ApplePay<\/em>, no carte di credito, no carte di debito italiane).<\/li>\n<\/ol>\n<hr \/>\n<h5><strong>Utilizzo e validit\u00e0 dell&#8217;atto di assenso<\/strong><\/h5>\n<p>Il giorno dell\u2019appuntamento verr\u00e0 inviata scansione dell\u2019atto di assenso e del documento del genitore extra UE all\u2019Ufficio selezionato dal richiedente, ed al richiedente stesso. L\u2019atto di assenso \u00e8 valido per sei mesi dalla data dell\u2019emissione.<\/p>\n","protected":false},"excerpt":{"rendered":"I soli genitori di nazionalit\u00e0\u00a0extra UE\u00a0di\u00a0minori italiani\u00a0i cui documenti di identit\u00e0 debbano essere rilasciati da uffici\u00a0NON\u00a0appartenenti a questo stesso Consolato (Questure, Commissariati, Comuni in Italia e altri Consolati e Ambasciate italiani), potranno richiedere un appuntamento per l\u2019autenticazione della propria firma sull\u2019atto di assenso presso l\u2019Ufficio Notarile. I genitori di nazionalit\u00e0 extra UE che siano\u00a0impossibilitati a [&hellip;]","protected":false},"author":13,"featured_media":0,"parent":7113,"menu_order":2,"comment_status":"closed","ping_status":"closed","template":"","meta":{"footnotes":""},"class_list":["post-7121","page","type-page","status-publish","hentry"],"_links":{"self":[{"href":"https:\/\/consmanchester.esteri.it\/it\/wp-json\/wp\/v2\/pages\/7121","targetHints":{"allow":["GET"]}}],"collection":[{"href":"https:\/\/consmanchester.esteri.it\/it\/wp-json\/wp\/v2\/pages"}],"about":[{"href":"https:\/\/consmanchester.esteri.it\/it\/wp-json\/wp\/v2\/types\/page"}],"author":[{"embeddable":true,"href":"https:\/\/consmanchester.esteri.it\/it\/wp-json\/wp\/v2\/users\/13"}],"replies":[{"embeddable":true,"href":"https:\/\/consmanchester.esteri.it\/it\/wp-json\/wp\/v2\/comments?post=7121"}],"version-history":[{"count":1,"href":"https:\/\/consmanchester.esteri.it\/it\/wp-json\/wp\/v2\/pages\/7121\/revisions"}],"predecessor-version":[{"id":7124,"href":"https:\/\/consmanchester.esteri.it\/it\/wp-json\/wp\/v2\/pages\/7121\/revisions\/7124"}],"up":[{"embeddable":true,"href":"https:\/\/consmanchester.esteri.it\/it\/wp-json\/wp\/v2\/pages\/7113"}],"wp:attachment":[{"href":"https:\/\/consmanchester.esteri.it\/it\/wp-json\/wp\/v2\/media?parent=7121"}],"curies":[{"name":"wp","href":"https:\/\/api.w.org\/{rel}","templated":true}]}}