{"id":6918,"date":"2025-06-16T17:07:30","date_gmt":"2025-06-16T16:07:30","guid":{"rendered":"https:\/\/consmanchester.esteri.it\/?page_id=6918"},"modified":"2026-02-10T18:30:51","modified_gmt":"2026-02-10T18:30:51","slug":"passaporto-per-minore-da-0-a-11-anni-solo-via-posta","status":"publish","type":"page","link":"https:\/\/consmanchester.esteri.it\/it\/servizi-consolari-e-visti\/servizi-per-il-cittadino-italiano\/passaporti-e-carte-didentita\/passaporto-per-minore-da-0-a-11-anni-solo-via-posta\/","title":{"rendered":"Passaporto per minore da 0 a 11 anni"},"content":{"rendered":"<div style=\"border: 2px solid #0066CC; padding: 12px; margin-bottom: 20px; background-color: #f9f9f9;\">\n<p style=\"text-align: justify;\">Per i minori nati all\u2019estero, anche se gi\u00e0 in possesso di un passaporto italiano, \u00e8 possibile richiedere il passaporto<strong>\u00a0solo se \u00e8 gi\u00e0 stata richiesta la trascrizione dell\u2019atto di nascita<\/strong>\u00a0al competente Ufficio Stato Civile del Comune AIRE. In caso contrario,\u00a0<strong>\u00e8 necessario\u00a0<\/strong><a href=\"https:\/\/consmanchester.esteri.it\/it\/servizi-consolari-e-visti\/servizi-per-il-cittadino-italiano\/stato-civile\/\"><strong>richiedere la trascrizione dell\u2019atto di nascita<\/strong><\/a><strong>\u00a0prima\u00a0di richiedere il passaporto.<\/strong><\/p>\n<\/div>\n<p style=\"text-align: justify;\"><span style=\"color: #ff0000;\"><strong>Per i cittadini di et\u00e0 inferiore a 12 anni,<\/strong>\u00a0<strong>il passaporto pu\u00f2 essere richiesto solo per posta<\/strong><\/span>, presentando i documenti sotto indicati:<\/p>\n<ol style=\"text-align: justify;\">\n<li><a href=\"https:\/\/consmanchester.esteri.it\/it\/servizi-consolari-e-visti\/servizi-per-il-cittadino-italiano\/albo-consolare\/modulistica\/\"><strong>Formulario n. 3<\/strong><\/a>\u00a0compilato in ogni sua parte e sottoscritto;<\/li>\n<li><strong>Due fototessere<\/strong>\u00a0identiche, acquisite da non oltre 6 mesi e conformi agli\u00a0<a href=\"https:\/\/www2023.icao.int\/Security\/mrtd\/Downloads\/technical%20reports\/annex_A-photograph_guidelines.pdf\">standard ICAO<\/a>\n<ul>\n<li>Una delle due fototessere dev\u2019essere\u00a0<strong>autenticata utilizzando il\u00a0<\/strong><a href=\"https:\/\/consmanchester.esteri.it\/it\/servizi-consolari-e-visti\/servizi-per-il-cittadino-italiano\/albo-consolare\/modulistica\/\"><strong>Formulario n. 5<\/strong><\/a>. L\u2019autentica dev\u2019essere firmata\u00a0da parte di un cittadino britannico o dell\u2019Unione europea, che non sia un parente, e che conosca i genitori da almeno due anni e sia o una persona favorevolmente nota nella sua comunit\u00e0, oppure svolga una\u00a0<a href=\"https:\/\/www.gov.uk\/countersigning-passport-applications\/accepted-occupations-for-countersignatories\">professione riconosciuta nel Regno Unito<\/a>. Qualora non si trovi uno di questi professionisti \u00e8 possibile rivolgersi a un\u00a0<a href=\"https:\/\/consmanchester.esteri.it\/it\/chi-siamo\/gli-uffici\/uffici-e-rete-consolare\/\">agente consolare onorario<\/a>;<\/li>\n<\/ul>\n<\/li>\n<li><strong>Prova d\u2019indirizzo<\/strong>\u00a0datata non oltre 3 mesi, intestata ai genitori\u00a0<a href=\"https:\/\/consmanchester.esteri.it\/it\/servizi-consolari-e-visti\/servizi-per-il-cittadino-italiano\/anagrafe-degli-italiani-residenti-allestero-aire\/iscriversi-allaire\/\">(click qui per un elenco delle prove d\u2019indirizzo accettabili)<\/a>;<\/li>\n<li><strong>Atto di assenso al rilascio del passaporto<\/strong>\u00a0firmato da entrambi i genitori (Attenzione: leggere attentamente sezione \u201cAssenso per passaporto a minorenni\u201d);<\/li>\n<li><strong>Fotocopia del documento d\u2019identit\u00e0<\/strong>, non scaduto,\u00a0<strong>di entrambi i genitori<\/strong>\u00a0(Attenzione: le patenti di guida\u00a0<em>non\u00a0<\/em>possono essere accettate);<\/li>\n<li><strong>Precedente passaporto italiano<\/strong>\u00a0scaduto o danneggiato o, in caso di richiesta di primo passaporto, fotocopia semplice di altro documento d\u2019identit\u00e0 italiano o passaporto estero;<\/li>\n<li><strong>Fotocopia della carta di identit\u00e0 italiana<\/strong>, se posseduta;<\/li>\n<li><strong>Se il minore ha subito furto o smarrimento del precedente passaporto<\/strong>:\u00a0<a href=\"https:\/\/consmanchester.esteri.it\/it\/servizi-consolari-e-visti\/servizi-per-il-cittadino-italiano\/modulistica\/\">Formulario n. 4<\/a>\u00a0e denuncia;<\/li>\n<li><strong>Busta\u00a0<em>special delivery<\/em>\u00a0prepagata fino a 500g e completa dell\u2019indirizzo per la spedizione del passaporto.<\/strong><\/li>\n<\/ol>\n<p style=\"text-align: justify;\">Tutta la documentazione dovr\u00e0 essere spedita a:<\/p>\n<p style=\"text-align: justify;\">Consolato d\u2019Italia<br \/>\nUfficio Passaporti<br \/>\nThe Chancery<br \/>\n58 Spring Gardens<br \/>\nManchester\u00a0M2 1EW<\/p>\n<p style=\"text-align: justify;\"><strong>Il\u00a0<\/strong><a href=\"https:\/\/consmanchester.esteri.it\/it\/servizi-consolari-e-visti\/servizi-per-il-cittadino-italiano\/albo-consolare\/tariffe-consolari\/\"><strong>pagamento del passaporto<\/strong><\/a><strong>\u00a0verr\u00e0 richiesto direttamente dall\u2019Ufficio Passaporti del Consolato d\u2019Italia a Manchester<\/strong>, una volta lavorata l\u2019istanza e verificatane la congruit\u00e0. Si raccomanda di monitorare la casella e-mail indicata nel formulario di richiesta (inclusa cartella spam). Non \u00e8 necessario scrivere all\u2019indirizzo email dell\u2019ufficio passaporti chiedendo informazioni inerenti il pagamento, in quanto tutti i richiedenti verranno contattati successivamente alla lavorazione dell\u2019istanza.<\/p>\n<p style=\"text-align: justify;\"><span style=\"color: #ff0000;\"><strong>ATTENZIONE<u><br \/>\n<\/u>A partire dal 28 maggio 2025, non \u00e8 pi\u00f9 possibile inviare congiuntamente la richiesta di trascrizione dell\u2019atto di nascita e per l\u2019emissione del primo passaporto. <\/strong>I genitori dei minori i cui certificate di nascita non siano ancora stati trascritti, dovranno nell\u2019ordine:<\/span><\/p>\n<ol style=\"text-align: justify;\">\n<li><span style=\"color: #000000;\">Richiede la trascrizione dell\u2019atto di nascita del minore <a href=\"https:\/\/consmanchester.esteri.it\/it\/servizi-consolari-e-visti\/servizi-per-il-cittadino-italiano\/stato-civile\/atti-di-nascita\/\">Nascita \u2013 Consolato d&#8217;Italia a Manchester<\/a>;<\/span><\/li>\n<li><span style=\"color: #000000;\">Attendere la PEC con cui il Consolato trasmette il certificato al competente Comune AIRE;<\/span><\/li>\n<li><span style=\"color: #000000;\">Presentare richiesta di emissione del passaporto all\u2019Ufficio Passaporti del Consolato.<\/span><\/li>\n<\/ol>\n<p style=\"text-align: justify;\">Le richieste incomplete o errate non possono essere evase e vengono restituite al mittente.<\/p>\n<hr \/>\n<p style=\"text-align: justify;\"><strong>Assenso per passaporto a minorenni<\/strong><\/p>\n<p style=\"text-align: justify;\">Il rilascio del passaporto a un minore \u00e8 condizionato all\u2019esplicita\u00a0<strong>approvazione di entrambi i genitori<\/strong>. Ci\u00f2 \u00e8 indispensabile anche in caso di coppie non sposate, separate o divorziate, anche quando i minori in questione sono gi\u00e0 titolari di passaporto.<\/p>\n<p style=\"text-align: justify;\">Tale assenso pu\u00f2 essere espresso mediante\u00a0<strong>firma nell\u2019apposito campo del modulo di richiesta del passaporto per il minore<\/strong>, oppure separatamente, con apposito\u00a0<a href=\"https:\/\/consmanchester.esteri.it\/it\/servizi-consolari-e-visti\/servizi-per-il-cittadino-italiano\/albo-consolare\/modulistica\/\"><strong>Formulario n. 6<\/strong><\/a> (purch\u00e9 redatto correttamente). In entrambi i casi, \u00e8 necessario allegare un documento di riconoscimento di entrambi i genitori munito di foto e firma (es. passaporto o carta identit\u00e0, <u>no patenti<\/u>), la quale dovr\u00e0 combaciare con quella apposta sul modulo.<\/p>\n<p style=\"text-align: justify;\"><strong>Se uno dei genitori non \u00e8 cittadino di uno Stato membro dell\u2019Unione europea<\/strong>\u00a0(inclusi, quindi, i cittadini Britannici), questi deve\u00a0<strong>recarsi presso il Consolato d\u2019Italia a Manchester\u00a0<\/strong>per firmare l\u2019assenso allo sportello. Il servizio \u00e8 disponibile senza appuntamento, dal luned\u00ec al venerd\u00ec dalle 9.30 alle 11.00 (dopo tale orario non si potr\u00e0 pi\u00f9 entrare, anche se in attesa all\u2019esterno), presentandosi di persona con un\u00a0<strong>documento d\u2019identit\u00e0<\/strong>\u00a0(<u>non le patenti di guida<\/u>) e l\u2019<a href=\"https:\/\/consmanchester.esteri.it\/it\/servizi-consolari-e-visti\/servizi-per-il-cittadino-italiano\/albo-consolare\/modulistica\/\"><strong>apposito formulario<\/strong><\/a>\u00a0(n. 3 o 6 a seconda del caso).<\/p>\n<p style=\"text-align: justify;\">In alternativa, l\u2019assenso sul\u00a0<a href=\"https:\/\/consmanchester.esteri.it\/it\/servizi-consolari-e-visti\/servizi-per-il-cittadino-italiano\/albo-consolare\/modulistica\/\"><strong>Formulario n. 6<\/strong><\/a>\u00a0pu\u00f2 essere firmato presso uno dei seguenti uffici:<\/p>\n<ol style=\"text-align: justify;\">\n<li>un ufficio della\u00a0<a href=\"https:\/\/consmanchester.esteri.it\/it\/chi-siamo\/gli-uffici\/uffici-e-rete-consolare\/\">rete consolare onoraria<\/a>;<\/li>\n<li>un qualsiasi notaio britannico, la cui dichiarazione dovr\u00e0 poi essere\u00a0<a href=\"https:\/\/consmanchester.esteri.it\/it\/servizi-consolari-e-visti\/servizi-per-il-cittadino-italiano\/albo-consolare\/legalizzazioni-apostille-e-traduzioni\/\"><strong>apostillata e tradotta;<\/strong><\/a><\/li>\n<li>un Pubblico Ufficiale in Italia (ad esempio, in Comune);<\/li>\n<li>un funzionario di qualsiasi Ambasciata o Consolato d\u2019Italia.<\/li>\n<\/ol>\n<hr \/>\n<p style=\"text-align: justify;\"><strong>Come fare se manca l\u2019assenso dell\u2019altro genitore? (DECRETO GIUDICE TUTELARE)<\/strong><\/p>\n<p style=\"text-align: justify;\">Qualora l\u2019altro genitore sia\u00a0<strong>deceduto<\/strong>, occorre:<\/p>\n<ul style=\"text-align: justify;\">\n<li>Se il genitore deceduto era italiano o coniugato con un cittadino italiano: richiedere la trascrizione dell\u2019atto di morte\u00a0<a href=\"https:\/\/consmanchester.esteri.it\/it\/servizi-consolari-e-visti\/servizi-per-il-cittadino-italiano\/stato-civile\/atti-di-morte\/\">secondo le indicazioni fornite qui<\/a>,\u00a0<u>prima di richiedere il passaporto<\/u>;<\/li>\n<li>In tutti gli altri casi: allegare alla domanda il certificato di morte (con traduzione autenticata in italiano, se emesso in lingua diversa dall\u2019italiano o dall\u2019inglese).<\/li>\n<\/ul>\n<p style=\"text-align: justify;\">Se, invece, l\u2019altro genitore \u00e8\u00a0<strong>vivente<\/strong>\u00a0ma non \u00e8 possibile ottenere il suo assenso, il richiedente deve ottenere un\u00a0<strong>Decreto del Giudice Tutelare<\/strong>, che pu\u00f2 autorizzare il rilascio del passaporto in via eccezionale.<\/p>\n<p style=\"text-align: justify;\">Il decreto dev\u2019essere richiesto all\u2019autorit\u00e0 competente secondo il domicilio del minore. Se il minore risiede nella\u00a0<a href=\"https:\/\/consmanchester.esteri.it\/it\/chi-siamo\/\">circoscrizione del Consolato<\/a>, il giudice tutelare \u00e8 il Console d\u2019Italia a Manchester e l\u2019istanza dev\u2019essere presentata allegando la seguente documentazione:<\/p>\n<ol style=\"text-align: justify;\">\n<li><a href=\"https:\/\/consmanchester.esteri.it\/it\/servizi-consolari-e-visti\/servizi-per-il-cittadino-italiano\/albo-consolare\/modulistica\/\"><strong>Modulo di istanza al giudice tutelare<\/strong><\/a>, debitamente compilato;<\/li>\n<li><strong>Documenti a sostegno dell\u2019istanza<\/strong>\u00a0(indicati nel modulo);<\/li>\n<\/ol>\n<p style=\"text-align: justify;\">A comprova delle dichiarazioni ricevute, il Consolato si riserva di richiedere documentazione supplementare.<\/p>\n<p style=\"text-align: justify;\">Le istanze ricevute per e-mail o altre modalit\u00e0 non possono essere accolte. La documentazione dev\u2019essere spedita esclusivamente per posta a:<\/p>\n<p style=\"text-align: justify;\"><em>Consolato d\u2019Italia a Manchester<\/em><br \/>\n<em>Ufficio Assistenza Consolare<\/em><br \/>\n<em>The Chancery<\/em><br \/>\n<em>58 Spring Gardens<\/em><br \/>\n<em>Manchester\u00a0M2 1EW<\/em><\/p>\n<p style=\"text-align: justify;\">Al momento della trattazione della pratica, l\u2019utente ricever\u00e0 all\u2019indirizzo mail indicato nel modulo le istruzioni per provvedere al pagamento delle percezioni consolari del caso (<a href=\"https:\/\/consmanchester.esteri.it\/it\/servizi-consolari-e-visti\/servizi-per-il-cittadino-italiano\/albo-consolare\/tariffe-consolari\/\">art. 31 + art. 31B<\/a>) tramite bonifico bancario. Senza versamento delle percezioni la pratica non verr\u00e0 lavorata.<\/p>\n","protected":false},"excerpt":{"rendered":"Per i minori nati all\u2019estero, anche se gi\u00e0 in possesso di un passaporto italiano, \u00e8 possibile richiedere il passaporto\u00a0solo se \u00e8 gi\u00e0 stata richiesta la trascrizione dell\u2019atto di nascita\u00a0al competente Ufficio Stato Civile del Comune AIRE. In caso contrario,\u00a0\u00e8 necessario\u00a0richiedere la trascrizione dell\u2019atto di nascita\u00a0prima\u00a0di richiedere il passaporto. Per i cittadini di et\u00e0 inferiore a [&hellip;]","protected":false},"author":13,"featured_media":0,"parent":67,"menu_order":1,"comment_status":"closed","ping_status":"closed","template":"","meta":{"footnotes":""},"class_list":["post-6918","page","type-page","status-publish","hentry"],"_links":{"self":[{"href":"https:\/\/consmanchester.esteri.it\/it\/wp-json\/wp\/v2\/pages\/6918","targetHints":{"allow":["GET"]}}],"collection":[{"href":"https:\/\/consmanchester.esteri.it\/it\/wp-json\/wp\/v2\/pages"}],"about":[{"href":"https:\/\/consmanchester.esteri.it\/it\/wp-json\/wp\/v2\/types\/page"}],"author":[{"embeddable":true,"href":"https:\/\/consmanchester.esteri.it\/it\/wp-json\/wp\/v2\/users\/13"}],"replies":[{"embeddable":true,"href":"https:\/\/consmanchester.esteri.it\/it\/wp-json\/wp\/v2\/comments?post=6918"}],"version-history":[{"count":7,"href":"https:\/\/consmanchester.esteri.it\/it\/wp-json\/wp\/v2\/pages\/6918\/revisions"}],"predecessor-version":[{"id":7930,"href":"https:\/\/consmanchester.esteri.it\/it\/wp-json\/wp\/v2\/pages\/6918\/revisions\/7930"}],"up":[{"embeddable":true,"href":"https:\/\/consmanchester.esteri.it\/it\/wp-json\/wp\/v2\/pages\/67"}],"wp:attachment":[{"href":"https:\/\/consmanchester.esteri.it\/it\/wp-json\/wp\/v2\/media?parent=6918"}],"curies":[{"name":"wp","href":"https:\/\/api.w.org\/{rel}","templated":true}]}}