{"id":6773,"date":"2025-05-28T18:29:45","date_gmt":"2025-05-28T17:29:45","guid":{"rendered":"https:\/\/consmanchester.esteri.it\/?page_id=6773"},"modified":"2025-06-03T17:59:07","modified_gmt":"2025-06-03T16:59:07","slug":"famiglie-monogenitoriali","status":"publish","type":"page","link":"https:\/\/consmanchester.esteri.it\/it\/servizi-consolari-e-visti\/servizi-per-il-cittadino-italiano\/anagrafe-degli-italiani-residenti-allestero-aire\/famiglie-monogenitoriali\/","title":{"rendered":"Famiglie monogenitoriali"},"content":{"rendered":"<blockquote><p>Entrambi i genitori hanno la responsabilit\u00e0 genitoriale e di comune accordo stabiliscono la residenza abituale del minore. L\u2019iscrizione AIRE di un minorenne ha l\u2019unico scopo di attestare l\u2019effettiva residenza (cio\u00e8 l\u2019abituale dimora) del cittadino all\u2019estero e pertanto prescinde da eventuali contestazioni derivanti da provvedimenti dell\u2019autorit\u00e0 giudiziaria italiana o locale.<\/p>\n<p><span style=\"color: #008080;\"><strong>Attenzione:<\/strong><\/span> nel caso di <strong>nascita di un figlio all\u2019estero<\/strong>\u00a0non bisogna seguire le indicazioni fornite in questa pagina, ma richiedere la\u00a0<a href=\"https:\/\/consmanchester.esteri.it\/it\/servizi-consolari-e-visti\/servizi-per-il-cittadino-italiano\/stato-civile\/atti-di-nascita\/\">trascrizione dell\u2019atto di nascita<\/a>. Se, invece, il figlio \u00e8 nato in Italia, l\u2019iscrizione all\u2019AIRE viene effettuata automaticamente dal Comune che iscrive la nascita nei registri di Stato Civile.<\/p><\/blockquote>\n<p>Se il minore\u00a0<strong>convive con\u00a0uno solo dei genitori<\/strong>, la richiesta di iscrizione o di variazione AIRE deve essere presentata spedendo\u00a0<strong>per posta<\/strong>\u00a0(non e-mail) la seguente documentazione:<\/p>\n<ol>\n<li><a href=\"https:\/\/consmanchester.esteri.it\/it\/servizi-consolari-e-visti\/servizi-per-il-cittadino-italiano\/modulistica\/\">Modulo di iscrizione o di variazione dell&#8217;indirizzo<\/a> compilato e <strong>firmato da entrambi i genitori<\/strong>;<\/li>\n<li>Fotocopia di un\u00a0<strong>documento d&#8217;identit\u00e0<\/strong> (comprensiva della pagina con foto, firma e timbro dell\u2019autorit\u00e0 che ha rilasciato il documento) di entrambi i genitori e dei minori:\n<ul>\n<li>Per le persone italiane \u00e8 necessario un documento italiano (passaporto, carta d\u2019identit\u00e0, CIE);<\/li>\n<li>Per i cittadini UE \u00e8 necessario un documento d\u2019identit\u00e0 del paese di cittadinanza;<\/li>\n<li>Per i cittadini extra-UE \u00e8 necessario il passaporto e la scansione del \u201cpermesso di residenza\u201d britannico;<\/li>\n<\/ul>\n<\/li>\n<li><strong>Prova di residenza<\/strong>\u00a0che rechi\u00a0<strong>nome ed indirizzo del genitore<\/strong>, a scelta tra:\n<ul>\n<li><em>Council Tax<\/em>\u00a0non anteriore a un anno,<\/li>\n<li>fattura delle utenze domestiche (elettricit\u00e0, gas, etc.) non anteriore a tre mesi,<\/li>\n<li><em>bank statement<\/em>\u00a0non anteriore a tre mesi,<\/li>\n<li>registrazione dal medico NHS non anteriore a tre mesi,<\/li>\n<li>lettera conferma attribuzione NIN non anteriore a tre mesi,<\/li>\n<li>lettera ufficiale di un ente Britannico (Job Centre, HMRC, etc.) non anteriore a tre mesi,<\/li>\n<li>lettera di conferma di frequentazione dell\u2019Universit\u00e0 non anteriore a tre mesi,<\/li>\n<li><span style=\"color: #ff0000;\">la prova di possesso del\u00a0<em>pre\/settled status<\/em> (EUSS) non \u00e8 valida come prova di residenza<\/span>.<\/li>\n<\/ul>\n<\/li>\n<\/ol>\n<p><span style=\"text-decoration: underline;\"><strong>Se non \u00e8 possibile far firmare il modulo a entrambi i genitori, la domanda dovr\u00e0 essere integrata secondo una delle seguenti opzioni<\/strong>:<\/span><\/p>\n<ol>\n<li><a href=\"https:\/\/consmanchester.esteri.it\/it\/servizi-consolari-e-visti\/servizi-per-il-cittadino-italiano\/modulistica\/\"><strong>Modulo di assenso da parte dell\u2019altro genitore<\/strong><\/a>, firmato non pi\u00f9 di 6 mesi prima della richiesta di iscrizione all\u2019AIRE (se il genitore non \u00e8 cittadino dell\u2019Unione Europea, la firma deve essere <a href=\"https:\/\/consmanchester.esteri.it\/consolato_manchester\/it\/i-servizi\/passaporti.html#AutenticadifirmapercittadinibritanniciodialtriStatiextraUE\">autenticata a norma di legge<\/a>);<\/li>\n<li><strong>Prova del fatto che non \u00e8 necessario acquisire il consenso dell\u2019altro genitore<\/strong>\u00a0(es. perch\u00e9 \u00e8 morto, oppure perch\u00e9 vi \u00e8 stato un\u00a0provvedimento giurisdizionale interdittivo della sua genitorialit\u00e0, oppure perch\u00e9 il minore \u00e8 stato riconosciuto da un solo genitore);<\/li>\n<li><strong><a href=\"https:\/\/consmanchester.esteri.it\/wp-content\/uploads\/2023\/10\/iscrizione_o_trasferimento_aire_di_minore_senza_consenso_di_altro_genitore_mcr.pdf\">Modulo di iscrizione o trasferimento senza consenso dell\u2019altro genitore<\/a><\/strong>, da utilizzare nei casi di irreperibilit\u00e0 o mero disinteresse dell\u2019altro genitore.<\/li>\n<\/ol>\n<blockquote><p>La suddetta documentazione va <strong>spedita<\/strong>\u00a0al seguente indirizzo:<\/p>\n<p><strong>Consolato d\u2019Italia<br \/>\nUfficio Anagrafe<br \/>\n<\/strong><strong>58 Spring Gardens<br \/>\n<\/strong><strong>Manchester\u00a0 M2 1EW<\/strong><\/p><\/blockquote>\n","protected":false},"excerpt":{"rendered":"Entrambi i genitori hanno la responsabilit\u00e0 genitoriale e di comune accordo stabiliscono la residenza abituale del minore. L\u2019iscrizione AIRE di un minorenne ha l\u2019unico scopo di attestare l\u2019effettiva residenza (cio\u00e8 l\u2019abituale dimora) del cittadino all\u2019estero e pertanto prescinde da eventuali contestazioni derivanti da provvedimenti dell\u2019autorit\u00e0 giudiziaria italiana o locale. Attenzione: nel caso di nascita di [&hellip;]","protected":false},"author":13,"featured_media":0,"parent":85,"menu_order":5,"comment_status":"closed","ping_status":"closed","template":"","meta":{"footnotes":""},"class_list":["post-6773","page","type-page","status-publish","hentry"],"_links":{"self":[{"href":"https:\/\/consmanchester.esteri.it\/it\/wp-json\/wp\/v2\/pages\/6773","targetHints":{"allow":["GET"]}}],"collection":[{"href":"https:\/\/consmanchester.esteri.it\/it\/wp-json\/wp\/v2\/pages"}],"about":[{"href":"https:\/\/consmanchester.esteri.it\/it\/wp-json\/wp\/v2\/types\/page"}],"author":[{"embeddable":true,"href":"https:\/\/consmanchester.esteri.it\/it\/wp-json\/wp\/v2\/users\/13"}],"replies":[{"embeddable":true,"href":"https:\/\/consmanchester.esteri.it\/it\/wp-json\/wp\/v2\/comments?post=6773"}],"version-history":[{"count":5,"href":"https:\/\/consmanchester.esteri.it\/it\/wp-json\/wp\/v2\/pages\/6773\/revisions"}],"predecessor-version":[{"id":6859,"href":"https:\/\/consmanchester.esteri.it\/it\/wp-json\/wp\/v2\/pages\/6773\/revisions\/6859"}],"up":[{"embeddable":true,"href":"https:\/\/consmanchester.esteri.it\/it\/wp-json\/wp\/v2\/pages\/85"}],"wp:attachment":[{"href":"https:\/\/consmanchester.esteri.it\/it\/wp-json\/wp\/v2\/media?parent=6773"}],"curies":[{"name":"wp","href":"https:\/\/api.w.org\/{rel}","templated":true}]}}