{"id":5934,"date":"2025-04-25T10:28:07","date_gmt":"2025-04-25T09:28:07","guid":{"rendered":"https:\/\/consmanchester.esteri.it\/?page_id=5934"},"modified":"2025-05-28T18:34:57","modified_gmt":"2025-05-28T17:34:57","slug":"aggiornare-il-proprio-indirizzo-o-cambiare-paese","status":"publish","type":"page","link":"https:\/\/consmanchester.esteri.it\/it\/servizi-consolari-e-visti\/servizi-per-il-cittadino-italiano\/anagrafe-degli-italiani-residenti-allestero-aire\/aggiornare-il-proprio-indirizzo-o-cambiare-paese\/","title":{"rendered":"Aggiornare il proprio indirizzo"},"content":{"rendered":"<p>Una volta iscritti all\u2019AIRE, \u00e8 necessario mantenere aggiornata la propria posizione anagrafica, comunicando all\u2019Ufficio Consolare eventuali cambiamenti di indirizzo, al fine di evitare disservizi (ad esempio la mancata consegna dei plichi elettorali o di notifiche giudiziarie).<\/p>\n<p><span style=\"text-decoration: underline;\"><strong>Se il tuo nuovo indirizzo si trova nella <a href=\"https:\/\/consmanchester.esteri.it\/it\/chi-siamo\/\">circoscrizione consolare di Manchester<\/a>:<\/strong><\/span><\/p>\n<ol>\n<li><strong>Accedi o registrati al portale <a href=\"https:\/\/serviziconsolari.esteri.it\/ScoFE\/index.sco\">Fast It<\/a>.\u00a0<\/strong>Se ti sei appena registrato, il portale ti inviter\u00e0 ad avviare una pratica di verifica dell&#8217;identit\u00e0. Segui le indicazioni fornite dal portale e, una volta che il Consolato avr\u00e0 confermato la tua identit\u00e0, potrai procedere con i prossimi passi.<\/li>\n<li><strong>Clicca in alto sul tasto \u201cAnagrafe Consolare e Aire\u201d e poi sul riquadro \u201cComunicare la variazione della propria residenza\u201d.<\/strong><\/li>\n<li><strong>Segui la procedura e allega la documentazione richiesta. <\/strong>La prova di residenza dovr\u00e0 essere selezionata tra le seguenti:\n<ul>\n<li><em>Council Tax<\/em>\u00a0non anteriore a un anno,<\/li>\n<li>fattura delle utenze domestiche (elettricit\u00e0, gas, etc.) non anteriore a tre mesi,<\/li>\n<li><em>bank statement<\/em>\u00a0non anteriore a tre mesi,<\/li>\n<li>registrazione dal medico NHS non anteriore a tre mesi,<\/li>\n<li>lettera conferma attribuzione NIN non anteriore a tre mesi,<\/li>\n<li>lettera ufficiale di un ente Britannico (Job Centre, HMRC, etc.) non anteriore a tre mesi,<\/li>\n<li>lettera di conferma di frequentazione dell\u2019Universit\u00e0 non anteriore a tre mesi,<\/li>\n<li><span style=\"color: #ff0000;\">la prova di possesso del\u00a0<em>pre\/settled status<\/em> (EUSS) non \u00e8 valida come prova di residenza.<\/span><\/li>\n<\/ul>\n<\/li>\n<\/ol>\n<p><span style=\"text-decoration: underline;\"><strong>Invece, se il tuo nuovo indirizzo si trova in un&#8217;altra circoscrizione consolare<\/strong><\/span>, dovrai seguire le indicazioni dell\u2019<a href=\"https:\/\/serviziconsolarionline.esteri.it\/ScoFE\/services\/service-info.sco?serviceId=50\">ufficio Consolare competente<\/a> per territorio.<\/p>\n","protected":false},"excerpt":{"rendered":"Una volta iscritti all\u2019AIRE, \u00e8 necessario mantenere aggiornata la propria posizione anagrafica, comunicando all\u2019Ufficio Consolare eventuali cambiamenti di indirizzo, al fine di evitare disservizi (ad esempio la mancata consegna dei plichi elettorali o di notifiche giudiziarie). Se il tuo nuovo indirizzo si trova nella circoscrizione consolare di Manchester: Accedi o registrati al portale Fast It.\u00a0Se [&hellip;]","protected":false},"author":13,"featured_media":0,"parent":85,"menu_order":2,"comment_status":"closed","ping_status":"closed","template":"","meta":{"footnotes":""},"class_list":["post-5934","page","type-page","status-publish","hentry"],"_links":{"self":[{"href":"https:\/\/consmanchester.esteri.it\/it\/wp-json\/wp\/v2\/pages\/5934","targetHints":{"allow":["GET"]}}],"collection":[{"href":"https:\/\/consmanchester.esteri.it\/it\/wp-json\/wp\/v2\/pages"}],"about":[{"href":"https:\/\/consmanchester.esteri.it\/it\/wp-json\/wp\/v2\/types\/page"}],"author":[{"embeddable":true,"href":"https:\/\/consmanchester.esteri.it\/it\/wp-json\/wp\/v2\/users\/13"}],"replies":[{"embeddable":true,"href":"https:\/\/consmanchester.esteri.it\/it\/wp-json\/wp\/v2\/comments?post=5934"}],"version-history":[{"count":6,"href":"https:\/\/consmanchester.esteri.it\/it\/wp-json\/wp\/v2\/pages\/5934\/revisions"}],"predecessor-version":[{"id":6781,"href":"https:\/\/consmanchester.esteri.it\/it\/wp-json\/wp\/v2\/pages\/5934\/revisions\/6781"}],"up":[{"embeddable":true,"href":"https:\/\/consmanchester.esteri.it\/it\/wp-json\/wp\/v2\/pages\/85"}],"wp:attachment":[{"href":"https:\/\/consmanchester.esteri.it\/it\/wp-json\/wp\/v2\/media?parent=5934"}],"curies":[{"name":"wp","href":"https:\/\/api.w.org\/{rel}","templated":true}]}}