{"id":5930,"date":"2025-04-25T10:27:28","date_gmt":"2025-04-25T09:27:28","guid":{"rendered":"https:\/\/consmanchester.esteri.it\/?page_id=5930"},"modified":"2025-06-03T18:03:20","modified_gmt":"2025-06-03T17:03:20","slug":"iscriversi-allaire","status":"publish","type":"page","link":"https:\/\/consmanchester.esteri.it\/it\/servizi-consolari-e-visti\/servizi-per-il-cittadino-italiano\/anagrafe-degli-italiani-residenti-allestero-aire\/iscriversi-allaire\/","title":{"rendered":"Iscriversi all&#8217;AIRE"},"content":{"rendered":"<blockquote><p>La richiesta di iscrizione all&#8217;AIRE deve essere presentata, per se stessi e per il proprio nucleo familiare,\u00a0<strong>entro 90 giorni dal trasferimento all&#8217;estero<\/strong>.<\/p>\n<p>Il Consolato d&#8217;Italia a Manchester \u00e8 competente per le richieste di iscrizione all&#8217;AIRE dei cittadini italiani residenti nella <a href=\"https:\/\/consmanchester.esteri.it\/it\/chi-siamo\/\">propria circoscrizione consolare<\/a>. Se risiedi in altre zone del Regno Unito, devi rivolgerti al <a href=\"https:\/\/consmanchester.esteri.it\/it\/chi-siamo\/la-rete-consolare\/\">consolato competente per tale circoscrizione<\/a>.<\/p>\n<p><span style=\"color: #008080;\"><strong>Attenzione:<\/strong><\/span> nel caso di <strong>nascita di un figlio all&#8217;estero<\/strong> non bisogna seguire le indicazioni fornite in questa pagina, ma richiedere la <a href=\"https:\/\/consmanchester.esteri.it\/it\/servizi-consolari-e-visti\/servizi-per-il-cittadino-italiano\/stato-civile\/atti-di-nascita\/\">trascrizione dell&#8217;atto di nascita<\/a>. Se, invece, il figlio \u00e8 nato in Italia, l&#8217;iscrizione all&#8217;AIRE viene effettuata automaticamente dal Comune che iscrive la nascita nei registri di Stato Civile.<\/p><\/blockquote>\n<p>L&#8217;iscrizione all&#8217;AIRE si richiede tramite il\u00a0<strong><a href=\"https:\/\/serviziconsolari.esteri.it\/ScoFE\/index.sco\">Portale dei servizi consolari Fast-It<\/a><\/strong>. Prima di iniziare la procedura di iscrizione, assicurati di avere:<\/p>\n<ol>\n<li>Scansione di un tuo <strong>documento d&#8217;identit\u00e0 italiano<\/strong> (passaporto, carta d&#8217;identit\u00e0, CIE), comprensiva della pagina con foto, firma e timbro dell&#8217;autorit\u00e0 che ha rilasciato il documento;<\/li>\n<li>Scansione di un\u00a0<strong>documento d&#8217;identit\u00e0<\/strong>, comprensiva della pagina con foto, firma e timbro dell&#8217;autorit\u00e0 che ha rilasciato il documento, di tutti i familiari conviventi:\n<ul>\n<li>Per i cittadini italiani \u00e8 necessario un documento italiano (passaporto, carta d&#8217;identit\u00e0, CIE);<\/li>\n<li>Per i cittadini del Regno Unito o dell&#8217;Unione europea \u00e8 necessario un passaporto o documento d&#8217;identit\u00e0 del paese di cittadinanza;<\/li>\n<li>Per gli altri cittadini \u00e8 necessario il passaporto e il &#8220;permesso di residenza&#8221; britannico;<\/li>\n<\/ul>\n<\/li>\n<li><strong>Prova di residenza<\/strong> che rechi <strong>nome ed indirizzo dell\u2019interessato<\/strong>, a scelta tra:\n<ul>\n<li><em>Council Tax<\/em> non anteriore a un anno,<\/li>\n<li>fattura delle utenze domestiche (elettricit\u00e0, gas, etc.) non anteriore a tre mesi,<\/li>\n<li><em>bank statement<\/em> non anteriore a tre mesi,<\/li>\n<li>registrazione dal medico NHS non anteriore a tre mesi,<\/li>\n<li>lettera conferma attribuzione NIN non anteriore a tre mesi,<\/li>\n<li>lettera ufficiale di un ente Britannico (Job Centre, HMRC, etc.) non anteriore a tre mesi,<\/li>\n<li>lettera di conferma di frequentazione dell\u2019Universit\u00e0 non anteriore a tre mesi,<\/li>\n<li><span style=\"color: #ff0000;\">la prova di possesso del\u00a0<em>pre\/settled status<\/em> (EUSS) non \u00e8 valida come prova di residenza;<\/span><\/li>\n<\/ul>\n<\/li>\n<li><strong>Stampante e scanner<\/strong>, che ti serviranno per stampare il modulo di richiesta e scannerizzarlo una volta firmato.<\/li>\n<\/ol>\n<p>Tieni sotto controllo il portale Fast-It e la tua casella e-mail: il Consolato potrebbe contattarti l\u00ec per richiedere delle integrazioni documentali.<\/p>\n<p>Una volta che il portale Fast-It indica la tua pratica come &#8220;<strong>Trasmessa al Comune<\/strong>&#8220;, il lavoro del Consolato \u00e8 concluso. Sar\u00e0 il Comune di riferimento a completare l&#8217;iscrizione all&#8217;AIRE (e fino a quel momento non ci si pu\u00f2 considerare pienamente iscritti all\u2019AIRE).<\/p>\n<p><span style=\"color: #000080;\"><strong>ATTENZIONE: una volta iscritto all&#8217;AIRE, il Cittadino \u00e8 tenuto a <\/strong><\/span><strong><a href=\"https:\/\/consmanchester.esteri.it\/it\/servizi-consolari-e-visti\/servizi-per-il-cittadino-italiano\/anagrafe-degli-italiani-residenti-allestero-aire\/aggiornare-il-proprio-indirizzo-o-cambiare-paese\/\">comunicare tempestivamente ogni variazione di residenza<\/a><\/strong><span style=\"color: #000080;\"><strong>. Il mancato aggiornamento dell&#8217;indirizzo pu\u00f2 comportare la cancellazione dall&#8217;AIRE per irreperibilit\u00e0, e quindi l&#8217;impossibilit\u00e0 di accedere ai servizi consolari.\u00a0<\/strong><\/span><\/p>\n","protected":false},"excerpt":{"rendered":"La richiesta di iscrizione all&#8217;AIRE deve essere presentata, per se stessi e per il proprio nucleo familiare,\u00a0entro 90 giorni dal trasferimento all&#8217;estero. Il Consolato d&#8217;Italia a Manchester \u00e8 competente per le richieste di iscrizione all&#8217;AIRE dei cittadini italiani residenti nella propria circoscrizione consolare. Se risiedi in altre zone del Regno Unito, devi rivolgerti al consolato [&hellip;]","protected":false},"author":13,"featured_media":0,"parent":85,"menu_order":1,"comment_status":"closed","ping_status":"closed","template":"","meta":{"footnotes":""},"class_list":["post-5930","page","type-page","status-publish","hentry"],"_links":{"self":[{"href":"https:\/\/consmanchester.esteri.it\/it\/wp-json\/wp\/v2\/pages\/5930","targetHints":{"allow":["GET"]}}],"collection":[{"href":"https:\/\/consmanchester.esteri.it\/it\/wp-json\/wp\/v2\/pages"}],"about":[{"href":"https:\/\/consmanchester.esteri.it\/it\/wp-json\/wp\/v2\/types\/page"}],"author":[{"embeddable":true,"href":"https:\/\/consmanchester.esteri.it\/it\/wp-json\/wp\/v2\/users\/13"}],"replies":[{"embeddable":true,"href":"https:\/\/consmanchester.esteri.it\/it\/wp-json\/wp\/v2\/comments?post=5930"}],"version-history":[{"count":7,"href":"https:\/\/consmanchester.esteri.it\/it\/wp-json\/wp\/v2\/pages\/5930\/revisions"}],"predecessor-version":[{"id":6866,"href":"https:\/\/consmanchester.esteri.it\/it\/wp-json\/wp\/v2\/pages\/5930\/revisions\/6866"}],"up":[{"embeddable":true,"href":"https:\/\/consmanchester.esteri.it\/it\/wp-json\/wp\/v2\/pages\/85"}],"wp:attachment":[{"href":"https:\/\/consmanchester.esteri.it\/it\/wp-json\/wp\/v2\/media?parent=5930"}],"curies":[{"name":"wp","href":"https:\/\/api.w.org\/{rel}","templated":true}]}}