{"id":4953,"date":"2025-04-14T17:06:55","date_gmt":"2025-04-14T16:06:55","guid":{"rendered":"https:\/\/consmanchester.esteri.it\/?page_id=4953"},"modified":"2025-04-14T22:58:36","modified_gmt":"2025-04-14T21:58:36","slug":"informativa-sul-trattamento-dei-dati-personali-cittadinanze-e-visti","status":"publish","type":"page","link":"https:\/\/consmanchester.esteri.it\/it\/servizi-consolari-e-visti\/servizi-per-il-cittadino-straniero\/accordion\/informativa-sul-trattamento-dei-dati-personali-cittadinanze-e-visti\/","title":{"rendered":"Informativa sul trattamento dei dati personali (cittadinanza)"},"content":{"rendered":"<p><strong>Informativa sul trattamento dei dati personali\u00a0<\/strong><strong>ai fini del riconoscimento della cittadinanza italiana iure sanguinis\u00a0<\/strong><strong>o della sua acquisizione per naturalizzazione (artt. 5 e 7, nonch\u00e9 art. 9, comma 1, lettera c,\u00a0<\/strong><strong>e comma 2 della legge n. 91\/1992)\u00a0<\/strong><strong>(Regolamento Generale sulla Protezione dei Dati (UE) 2016\/679, art. 13 e 14)<\/strong><\/p>\n<p>Il trattamento dei dati personali ai fini del riconoscimento della cittadinanza italiana iure sanguinis oppure della sua acquisizione in alcuni casi di naturalizzazione (matrimonio, servizio prestato all\u2019estero o meriti speciali) sar\u00e0 improntato ai principi di liceit\u00e0, correttezza e trasparenza a tutela dei diritti e delle libert\u00e0 fondamentali delle persone fisiche.<\/p>\n<p>A tal fine, si forniscono le seguenti informazioni:<\/p>\n<p>1.\u00a0<u>I Titolari del trattamento<\/u><\/p>\n<p>Sono autonomi Titolari del trattamento il Ministero degli Affari Esteri e della Cooperazione internazionale (MAECI) della Repubblica italiana e, a seconda dei casi, il competente Comune italiano o il Ministero italiano dell\u2019Interno.<\/p>\n<p>Il MAECI agisce, nel caso specifico, per il tramite del Consolato d\u2019Italia a Manchester, i cui recapiti sono i seguenti: 58 Spring Gardens \u2013 M2 1EW Manchester;\u00a0<a href=\"mailto:manchester.segreteria@esteri.it\">manchester.segreteria@esteri.it<\/a>\u00a0;<a href=\"mailto:con.manhcester@cert.esteri.it\">con.manhcester@cert.esteri.it<\/a>.<\/p>\n<p>2.\u00a0<u>Il Responsabile della Protezione dei Dati (RPD)<\/u><\/p>\n<p>Per quesiti o reclami in materia di privatezza, l\u2019interessato pu\u00f2 interpellare l\u2019RPD del MAECI ai seguenti recapiti: Ministero degli Affari Esteri e della Cooperazione internazionale, Piazzale della Farnesina 1, 00135 ROMA, telefono: 0039 06 36911 (centralino), peo:\u00a0<a href=\"mailto:rpd@esteri.it\">rpd@esteri.it<\/a>, pec:\u00a0<a href=\"mailto:rpd@cert.esteri.it\">rpd@cert.esteri.it<\/a>).<\/p>\n<p><u>3<\/u>.\u00a0<u>Dati personali trattati<\/u><\/p>\n<ul>\n<li><em><u>Riconoscimento jure sanguinis<\/u><\/em>: dati anagrafici (nome, cognome, data e luogo di nascita, residenza), di contatto, stato civile e stato di famiglia, ascendenza familiare, firma autografa, copia del documento d\u2019identit\u00e0, istanza di riconoscimento della cittadinanza.<\/li>\n<li><em><u>Naturalizzazione<\/u><\/em>: dati anagrafici (nome, cognome, data e luogo di nascita, residenza), stato di famiglia, certificazione penale rilasciata dagli Stati stranieri di origine e di residenza, copia del passaporto, istanza di acquisto della cittadinanza, certificazione della conoscenza della lingua italiana.<\/li>\n<\/ul>\n<p>4.\u00a0<u>Finalit\u00e0 e basi giuridiche del trattamento<\/u><\/p>\n<p>I dati personali trattati hanno come unica finalit\u00e0 il riconoscimento della cittadinanza italiana iure sanguinis, ai sensi degli artt. 1, 2, 3 e 4 della Legge 5 febbraio 1992, n.91, oppure l\u2019acquisizione della stessa per matrimonio (artt. 5 e 7 della predetta Legge), per servizio prestato all\u2019estero (art.9, comma 1, lettera c) o per meriti speciali (art. 9, comma 2). Ai fini del riconoscimento della cittadinanza italiana iure sanguinis si ricorre anche ad altre norme per accertare il possesso della cittadinanza italiana da parte degli antenati dell\u2019interessato. Al riguardo si fa prevalentemente ricorso alle norme contenute nel codice civile del 1865 e agli artt. 1 e 7 della Legge 13 giugno 1912, n. 555.<\/p>\n<p>Il conferimento dei dati in questione \u00e8 un requisito obbligatorio per legge ai fini della ricevibilit\u00e0 della domanda. Per il riconoscimento dalla cittadinanza iure sanguinis l\u2019obbligo \u00e8 confermato dalla Circolare del Ministero dell\u2019Interno n. k.28.1 dell\u20198 aprile 1991, mentre nei casi di naturalizzazione dall\u2019art.1 del DPR del 18 aprile 1994, n. 362, Regolamento recante disciplina di procedimenti di acquisto della cittadinanza italiana.<\/p>\n<p><u>5<\/u>.\u00a0<u>Modalit\u00e0 del trattamento<\/u><\/p>\n<p>Il trattamento dei dati, svolto da personale appositamente incaricato, sar\u00e0 effettuato in modalit\u00e0 mista, manuale ed automatizzata. Di conseguenza, l\u2019interessato non sar\u00e0 mai destinatario di una decisione basata unicamente sul trattamento automatizzato dei propri dati.<\/p>\n<p>6.\u00a0<u>Trasmissione dei dati a soggetti terzi<\/u><\/p>\n<p>In caso di riconoscimento, i dati saranno comunicati al Comune italiano competente per la trascrizione ai sensi dell\u2019art. 17 del DPR 3 novembre 2000, n. 396. In caso di contenzioso, i dati potrebbero essere trasmessi all\u2019Avvocatura Generale dello Stato.<\/p>\n<p>In caso di naturalizzazione, i dati saranno inoltrati anche al Ministero dell\u2019Interno italiano.<\/p>\n<p>I dati potranno essere trasmessi alle autorit\u00e0 estere competenti per la verifica delle certificazioni o attestazioni prodotte dall\u2019interessato.<\/p>\n<p>7.\u00a0<u>Periodo di conservazione dei dati<\/u><\/p>\n<p>I dati saranno conservati a tempo indeterminato, per motivi di certezza giuridica e per il rilascio di certificazioni.<\/p>\n<p>8.\u00a0<u>Diritti dell\u2019interessato<\/u><\/p>\n<p>L\u2019interessato ha il diritto di accedere ai propri dati personali e, alle condizioni previste dalla normativa vigente, di ottenerne, se del caso, la rettifica. Nei limiti previsti dalla legge e fatte salve le conseguenze sul seguito dell\u2019iter amministrativo, egli pu\u00f2 altres\u00ec chiedere la cancellazione dei dati eventualmente trattati illecitamente, la limitazione del trattamento o l\u2019opposizione al trattamento. In questi casi, l\u2019interessato dovr\u00e0 rivolgersi al Consolato d\u2019Italia a Manchester, informando per conoscenza l\u2019RPD del MAECI.<\/p>\n<p>9.\u00a0<u>Reclami<\/u><\/p>\n<p>Se ritiene che i suoi diritti in materia di privatezza siano stati violati, l\u2019interessato pu\u00f2 presentare un reclamo all\u2019RPD del MAECI. Qualora non sia soddisfatto della risposta, l\u2019interessato pu\u00f2 rivolgersi al Garante per la Protezione dei Dati personali (Piazza Venezia 11, 00187 ROMA; tel. 0039 06 696771 (centralino); peo: protocollo@gpdp.it; pec:\u00a0<a href=\"mailto:protocollo@pec.gpdp.it\">protocollo@pec.gpdp.it<\/a>).<\/p>\n","protected":false},"excerpt":{"rendered":"Informativa sul trattamento dei dati personali\u00a0ai fini del riconoscimento della cittadinanza italiana iure sanguinis\u00a0o della sua acquisizione per naturalizzazione (artt. 5 e 7, nonch\u00e9 art. 9, comma 1, lettera c,\u00a0e comma 2 della legge n. 91\/1992)\u00a0(Regolamento Generale sulla Protezione dei Dati (UE) 2016\/679, art. 13 e 14) Il trattamento dei dati personali ai fini del [&hellip;]","protected":false},"author":13,"featured_media":0,"parent":1234,"menu_order":0,"comment_status":"closed","ping_status":"closed","template":"","meta":{"footnotes":""},"class_list":["post-4953","page","type-page","status-publish","hentry"],"_links":{"self":[{"href":"https:\/\/consmanchester.esteri.it\/it\/wp-json\/wp\/v2\/pages\/4953","targetHints":{"allow":["GET"]}}],"collection":[{"href":"https:\/\/consmanchester.esteri.it\/it\/wp-json\/wp\/v2\/pages"}],"about":[{"href":"https:\/\/consmanchester.esteri.it\/it\/wp-json\/wp\/v2\/types\/page"}],"author":[{"embeddable":true,"href":"https:\/\/consmanchester.esteri.it\/it\/wp-json\/wp\/v2\/users\/13"}],"replies":[{"embeddable":true,"href":"https:\/\/consmanchester.esteri.it\/it\/wp-json\/wp\/v2\/comments?post=4953"}],"version-history":[{"count":2,"href":"https:\/\/consmanchester.esteri.it\/it\/wp-json\/wp\/v2\/pages\/4953\/revisions"}],"predecessor-version":[{"id":5046,"href":"https:\/\/consmanchester.esteri.it\/it\/wp-json\/wp\/v2\/pages\/4953\/revisions\/5046"}],"up":[{"embeddable":true,"href":"https:\/\/consmanchester.esteri.it\/it\/wp-json\/wp\/v2\/pages\/1234"}],"wp:attachment":[{"href":"https:\/\/consmanchester.esteri.it\/it\/wp-json\/wp\/v2\/media?parent=4953"}],"curies":[{"name":"wp","href":"https:\/\/api.w.org\/{rel}","templated":true}]}}