{"id":424,"date":"2023-09-20T10:03:08","date_gmt":"2023-09-20T09:03:08","guid":{"rendered":"https:\/\/consmanchester.esteri.it\/?page_id=424"},"modified":"2026-03-12T11:25:53","modified_gmt":"2026-03-12T11:25:53","slug":"cie-carta-didentita-elettronica","status":"publish","type":"page","link":"https:\/\/consmanchester.esteri.it\/it\/servizi-consolari-e-visti\/servizi-per-il-cittadino-italiano\/cie-carta-didentita-elettronica\/","title":{"rendered":"CIE &#8211; Carta d&#8217;Identit\u00e0 Elettronica"},"content":{"rendered":"<p style=\"text-align: justify;\">La CIE \u00e8 un documento multifunzionale in formato tessera: certifica l\u2019identit\u00e0 del cittadino, \u00e8 un documento di viaggio, riporta il codice fiscale e si pu\u00f2 utilizzare per richiedere un\u2019identit\u00e0 sul sistema\u00a0<a href=\"https:\/\/www.spid.gov.it\/\">SPID<\/a>\u00a0(Sistema Pubblico di Identit\u00e0 Digitale) con cui accedere ai servizi erogati dalle Pubbliche Amministrazioni Italiane.\u00a0Informazioni generali sulla CIE sono disponibili sul\u00a0<a href=\"https:\/\/www.esteri.it\/it\/servizi-consolari-e-visti\/italiani-all-estero\/documenti_di_viaggio\/carta_identita\/\">sito della Farnesina,<\/a>\u00a0per eventuali approfondimenti si pu\u00f2 scrivere a\u00a0<a href=\"mailto:manchester.cie@esteri.it\">manchester.cie@esteri.it<\/a>.<\/p>\n<p style=\"text-align: justify;\"><span style=\"color: #ff0000;\"><strong>Chi pu\u00f2 richiedere la CIE<\/strong><\/span><\/p>\n<p style=\"text-align: justify;\"><strong>Possono richiedere la CIE al Consolato i soli cittadini italiani residenti in questa circoscrizione consolare e regolarmente iscritti all\u2019AIRE<\/strong> (<a href=\"https:\/\/consmanchester.esteri.it\/consolato_manchester\/it\/i-servizi\/anagrafe.html\">Anagrafe<\/a>). Chi non \u00e8 registrato all\u2019AIRE dovr\u00e0 prima iscriversi tramite il portale\u00a0<a href=\"https:\/\/serviziconsolari.esteri.it\/ScoFE\/index.sco\">FAST IT<\/a> e attendere, prima di poter far domanda, di essere inserito in tale registro da parte del Comune italiano competente. Il servizio \u00e8 disponibile solo per coloro che non sono in possesso di un\u2019altra carta d\u2019identit\u00e0 valida, che hanno una carta d\u2019identit\u00e0 in scadenza (a partire da 6 mesi prima della scadenza) o in caso di furto, smarrimento o deterioramento della carta d\u2019identit\u00e0 precedente. Ai fini dell\u2019emissione della CIE \u00e8 inoltre necessario possedere il codice fiscale validato. Qualora il connazionale non sia in possesso di un codice fiscale o quest\u2019ultimo non sia stato validato, sar\u00e0 cura del Consolato richiederlo tramite l\u2019Agenzia delle Entrate.<\/p>\n<p style=\"text-align: justify;\"><span style=\"color: #ff0000;\"><strong>COME SI OTTIENE LA CIE?<\/strong><\/span><\/p>\n<p style=\"text-align: justify;\"><strong>La richiesta della CIE pu\u00f2 essere presentata presso il Consolato d\u2019Italia a Manchester esclusivamente su appuntamento fissato tramite<\/strong>\u00a0<strong><u><a href=\"https:\/\/prenotami.esteri.it\/\">Prenot@Mi<\/a><\/u><\/strong>, compilando i campi obbligatori (contrassegnati con *), e inserendo i dati dell\u2019intestatario della CIE, se diversi dall\u2019utente registrato. Gli appuntamenti sono individuali e nominali per richiedente, non \u00e8 possibile effettuare prenotazioni multiple. <strong>Prestare attenzione ad aver selezionato il Consolato d\u2019Italia a Manchester come Consolato di riferimento sul portale Prenot@mi.\u00a0<\/strong><\/p>\n<ul style=\"text-align: justify;\">\n<li><strong><span style=\"color: #ff0000;\">ATTENZIONE:<\/span> a partire dal 2 marzo 2026, <span style=\"color: #ff0000;\">Prenot@mi rilascia nuovi appuntamenti ogni luned\u00ec e mercoled\u00ec, alle ore 20.00. <\/span><\/strong>Il calendario di Prenot@mi ha un\u2019ampiezza di 16 settimane; in fase di prenotazione, vengono pertanto visualizzati gli slot relativi al primo giorno utile 16 settimane in avanti rispetto al giorno in cui si prenota.<\/li>\n<li><strong><span style=\"color: #ff0000;\">LISTA D\u2019ATTESA:<\/span> associata al servizio \u201cCIE &#8211; Carta di identit\u00e0 elettronica\u201d vi \u00e8 una lista d\u2019attesa, anch\u2019essa con capienza limitata e gestita automaticamente dal<\/strong> <strong>portale, <\/strong>che si aggiorna in diversi momenti della giornata.<strong> In fase di prenotazione, qualora non vi sia disponibilit\u00e0 per un appuntamento diretto ma vi sia posto nella lista d\u2019attesa, sar\u00e0 lo stesso Prenot@mi a notificarlo al connazionale, permettendogli di entrare in lista. Successivamente, il portale invia automaticamente aggiornamenti agli utenti in lista d\u2019attesa, notificando il primo appuntamento disponibile. <\/strong><\/li>\n<\/ul>\n<h4 style=\"text-align: justify;\"><span style=\"color: #ff0000;\"><strong>ATTENZIONE<\/strong>!<\/span> Ricordiamo a tutti i connazionali che<strong> gli appuntamenti per le Carte d\u2019identit\u00e0 elettroniche sono gratuiti<\/strong>. <strong><u>Invitiamo tutti a diffidare da agenzie, intermediari o privati che offrono servizi a pagamento per l\u2019ottenimento di un appuntamento<\/u><\/strong>. <strong>Rivolgersi a tali agenzie\/individui contribuisce a sovraccaricare il portale Prenot@mi e riduce la possibilit\u00e0 di trovare appuntamenti<\/strong>.<\/h4>\n<p style=\"text-align: justify;\"><strong><span style=\"color: #ff0000;\">NOVIT\u00c0<\/span><\/strong>: <span style=\"text-decoration: underline;\"><strong>A partire dal 1\u00b0 giugno 2026 i cittadini iscritti all&#8217;AIRE potranno presentare domanda per il rilascio della Carta d&#8217;identit\u00e0 elettronica presso qualsiasi Comune italiano<\/strong><\/span>. La carta d\u2019identit\u00e0 sar\u00e0 consegnata con le medesime modalit\u00e0 previste in caso di domanda presentata tramite l\u2019Ufficio consolare, con facolt\u00e0 per l\u2019interessato di ritirarla personalmente presso il Comune ovvero di richiederne la spedizione all\u2019estero.<\/p>\n<hr style=\"border: 2px solid #0066CC; margin: 20px 0;\" \/>\n<p style=\"text-align: justify;\"><strong><u>COSA PORTARE<\/u><\/strong><\/p>\n<p style=\"text-align: justify;\">Al momento dell\u2019appuntamento, \u00e8 necessario presentare:<\/p>\n<ol style=\"text-align: justify;\">\n<li>un valido documento di riconoscimento;<\/li>\n<li>una fototessera acquisita da non oltre 6 mesi, conformi agli\u00a0<a href=\"https:\/\/www2023.icao.int\/Security\/mrtd\/Downloads\/technical%20reports\/annex_A-photograph_guidelines.pdf\">standard ICAO<\/a>;<\/li>\n<li>per i minorenni, l\u2019atto di assenso al rilascio della CIE da parte di entrambi i genitori (vedasi sotto);<\/li>\n<li>per i richiedenti con figli minorenni, autodichiarazione di assenza di cause ostative al rilascio del passaporto (apposito modulo \u00e8 disponibile nella pagina\u00a0<a href=\"https:\/\/consmanchester.esteri.it\/consolato_manchester\/it\/in-linea-con-utente\/modulistica\/modulistica.html\">Modulistica<\/a>) (vedi paragrafo sotto \u201cAssenso a passaporto per genitori di minorenni\u201d)<\/li>\n<li>mezzi di pagamento per il rilascio di una\u00a0<strong>nuova<\/strong>\u00a0carta d\u2019identit\u00e0 elettronica oppure di un\u00a0<strong>duplicato<\/strong>\u00a0di una carta d\u2019identit\u00e0 elettronica (<a href=\"https:\/\/consmanchester.esteri.it\/it\/servizi-consolari-e-visti\/servizi-per-il-cittadino-italiano\/tariffe-consolari\/\">Tariffe Consolari<\/a>);<\/li>\n<li>eventuale carta d\u2019identit\u00e0 in scadenza, scaduta o danneggiata;<\/li>\n<li>in caso di smarrimento o furto della carta d\u2019identit\u00e0 in dotazione, apposita denuncia (vedasi paragrafo sotto).<\/li>\n<\/ol>\n<p style=\"text-align: justify;\"><strong><u>CONSEGNA DELLA CIE<\/u><\/strong><\/p>\n<p style=\"text-align: justify;\">Il giorno dell\u2019appuntamento l\u2019operatore consolare acquisir\u00e0 foto, impronte digitali e firma del richiedente. Sar\u00e0 inoltre annullata la carta di identit\u00e0 cartacea o CIE in corso di validit\u00e0, anche se il richiedente non possiede altro documento di identit\u00e0.<\/p>\n<p style=\"text-align: justify;\"><span style=\"color: #ff0000;\"><strong>La CIE non viene rilasciata dal Consolato, ma viene emessa dal Ministero dell\u2019Interno e prodotta dall\u2019Istituto Poligrafico e Zecca dello Stato. La sua consegna avviene a carico di quest\u2019ultima, che la spedisce, a mezzo posta raccomandata, all\u2019indirizzo di residenza (o recapito) dichiarato dal richiedente.<\/strong><\/span><\/p>\n<hr style=\"border: 2px solid #0066CC; margin: 20px 0;\" \/>\n<p style=\"text-align: justify;\"><strong>ASSENSO AL RILASCIO DELLA CIE PER UN MINORENNE ITALIANO (MINORE DI 18 ANNI)<\/strong><\/p>\n<p style=\"text-align: justify;\">A tutela del minorenne, il rilascio della CIE \u00e8 subordinato all\u2019assenso di entrambi i suoi genitori. Esso\u00a0\u00e8 necessario anche in caso di coppie non sposate, separate o divorziate, ed anche se i figli minori sono gi\u00e0 titolari di carta di identit\u00e0. Tale assenso va presentato con apposito\u00a0<a href=\"https:\/\/consmanchester.esteri.it\/it\/servizi-consolari-e-visti\/servizi-per-il-cittadino-italiano\/modulistica\/\">Modulo Atto di Assenso<\/a>. Sar\u00e0 necessario presentare un documento di riconoscimento dei genitori dotato di foto e firma (es. passaporto o carta identit\u00e0), la quale dovr\u00e0 combaciare con quella sul modulo.<\/p>\n<p style=\"text-align: justify;\">Se uno dei genitori \u00e8 di cittadinanza non comunitaria (Stati non membri dell\u2019UE), egli dovr\u00e0 firmare l\u2019assenso di persona, al momento della presentazione dell\u2019istanza del figlio. In caso di impossibilit\u00e0 a presentarsi di persona, egli dovr\u00e0 firmare l\u2019assenso nel modulo sopra indicato presso:<\/p>\n<ol style=\"text-align: justify;\">\n<li>un ufficio della\u00a0<a href=\"https:\/\/consmanchester.esteri.it\/it\/chi-siamo\/gli-uffici\/uffici-e-rete-consolare\/\">rete consolare onoraria<\/a>; oppure<\/li>\n<li>un qualsiasi notaio britannico, la cui dichiarazione autenticata dovr\u00e0 poi essere legalizzata inviandola al \u201c<u><a href=\"https:\/\/www.gov.uk\/get-document-legalised\">Legalisation Office<\/a><\/u>\u201d del Ministero degli Esteri britannico (FCDO); oppure<\/li>\n<li>un Pubblico Ufficiale in Italia; oppure<\/li>\n<li>un funzionario di una qualsiasi Ambasciata o Consolato d\u2019Italia se il genitore cittadino extra UE non si trova n\u00e9 in Italia, n\u00e9 nel Regno Unito.<\/li>\n<\/ol>\n<p style=\"text-align: justify;\"><strong><u>COME FARE SE MANCA L\u2019ASSENSO DELL\u2019ALTRO GENITORE? (DECRETO GIUDICE TUTELARE)<\/u><\/strong><\/p>\n<p style=\"text-align: justify;\">Qualora l\u2019altro genitore sia\u00a0<strong>deceduto<\/strong>, occorre:<\/p>\n<ul style=\"text-align: justify;\">\n<li>Se il genitore deceduto era italiano o coniugato con un cittadino italiano: richiedere la trascrizione dell\u2019atto di morte\u00a0<a href=\"https:\/\/consmanchester.esteri.it\/it\/servizi-consolari-e-visti\/servizi-per-il-cittadino-italiano\/stato-civile\/atti-di-morte\/\">secondo le indicazioni fornite qui<\/a>,\u00a0<u>prima di richiedere il passaporto<\/u>;<\/li>\n<li>In tutti gli altri casi: allegare alla domanda il certificato di morte (con traduzione autenticata in italiano, se emesso in lingua diversa dall\u2019italiano o dall\u2019inglese).<\/li>\n<\/ul>\n<p style=\"text-align: justify;\">Se, invece, l\u2019altro genitore \u00e8\u00a0<strong>vivente<\/strong>\u00a0ma non \u00e8 possibile ottenere il suo assenso, il richiedente deve ottenere un\u00a0<strong>Decreto del Giudice Tutelare<\/strong>, che pu\u00f2 autorizzare il rilascio della CIE in via eccezionale.<\/p>\n<p style=\"text-align: justify;\">Il decreto dev\u2019essere richiesto all\u2019autorit\u00e0 competente secondo il domicilio del minore. Se il minore risiede nella\u00a0<a href=\"https:\/\/consmanchester.esteri.it\/it\/chi-siamo\/\">circoscrizione del Consolato<\/a>, il giudice tutelare \u00e8 il Console d\u2019Italia a Manchester e l\u2019istanza dev\u2019essere presentata allegando la seguente documentazione:<\/p>\n<ol style=\"text-align: justify;\">\n<li><a href=\"https:\/\/consmanchester.esteri.it\/it\/servizi-consolari-e-visti\/servizi-per-il-cittadino-italiano\/albo-consolare\/modulistica\/\"><strong>Modulo di istanza al giudice tutelare<\/strong><\/a>, debitamente compilato;<\/li>\n<li><strong>Documenti a sostegno dell\u2019istanza<\/strong>\u00a0(indicati nel modulo);<\/li>\n<\/ol>\n<p style=\"text-align: justify;\">A comprova delle dichiarazioni ricevute, il Consolato si riserva di richiedere documentazione supplementare.<\/p>\n<p style=\"text-align: justify;\">Le istanze ricevute per e-mail o altre modalit\u00e0 non possono essere accolte. La documentazione dev\u2019essere spedita esclusivamente per posta a:<\/p>\n<p style=\"text-align: justify;\"><em>Consolato d\u2019Italia a Manchester<\/em><br \/>\n<em>Ufficio Assistenza Consolare<\/em><br \/>\n<em>The Chancery<\/em><br \/>\n<em>58 Spring Gardens<\/em><br \/>\n<em>Manchester\u00a0M2 1EW<\/em><\/p>\n<p style=\"text-align: justify;\">Al momento della trattazione della pratica, l\u2019utente ricever\u00e0 all\u2019indirizzo mail indicato nel modulo le istruzioni per provvedere al pagamento delle percezioni consolari del caso (<a href=\"https:\/\/consmanchester.esteri.it\/it\/servizi-consolari-e-visti\/servizi-per-il-cittadino-italiano\/albo-consolare\/tariffe-consolari\/\">art. 31 + art. 31B<\/a>) tramite bonifico bancario. Senza versamento delle percezioni la pratica non verr\u00e0 lavorata.<\/p>\n<p style=\"text-align: justify;\"><strong><u>RILASCIO DI CIE PER GENITORE DI MINORENNE<\/u><\/strong><\/p>\n<p style=\"text-align: justify;\">Qualora il richiedente CIE sia genitore di figli minorenni, il rilascio del documento \u00e8 subordinato all\u2019assenza di cause ostative al rilascio di un documento valido per l\u2019espatrio. Tale circostanza pu\u00f2 essere autocertificata da parte del richiedente con apposito modulo scaricabile dalla nostra\u00a0<a href=\"https:\/\/consmanchester.esteri.it\/it\/servizi-consolari-e-visti\/servizi-per-il-cittadino-italiano\/modulistica\/\">modulistica<\/a>. In caso di il richiede sia sottoposto a cause ostative, l\u2019interessato potr\u00e0 comunque richiedere una CIE, che per\u00f2 non sar\u00e0 valida per l\u2019espatrio.<\/p>\n<hr style=\"border: 2px solid #0066CC; margin: 20px 0;\" \/>\n<p style=\"text-align: justify;\"><strong><u>Cosa fare in caso di furto o smarrimento della CIE?<\/u><\/strong><\/p>\n<p style=\"text-align: justify;\">In caso di furto o smarrimento della propria carta di identit\u00e0, \u00e8 necessario segnalarlo immediatamente alla polizia britannica presentare immediatamente denuncia presso le Autorit\u00e0 locali, per poi inviarci per posta quanto segue:<\/p>\n<ol style=\"text-align: justify;\">\n<li>l\u2019apposito\u00a0<a href=\"https:\/\/consmanchester.esteri.it\/it\/servizi-consolari-e-visti\/servizi-per-il-cittadino-italiano\/modulistica\/\"><strong>formulario<\/strong><\/a>;<\/li>\n<li>copia della denuncia presentata alla polizia;<\/li>\n<li>una copia di un documento d\u2019identit\u00e0 non scaduto;<\/li>\n<li>prova d\u2019indirizzo datata non oltre 3 mesi (link a:<a href=\"https:\/\/consmanchester.esteri.it\/it\/servizi-consolari-e-visti\/servizi-per-il-cittadino-italiano\/anagrafe-degli-italiani-residenti-allestero-aire\/\">\u00a0Anagrafe<\/a>);<\/li>\n<li>eventuale copia del documento smarrito o rubato.<\/li>\n<\/ol>\n<p style=\"text-align: justify;\">Il tutto ci va poi inviato per e-mail a <a href=\"mailto:manchester.cie@esteri.it\">manchester.cie@esteri.it<\/a>, avendo cura di compilare il campo oggetto come segue: COGNOME, nome e data di nascita del richiedente, seguito da \u201cCARTA DI IDENTIT\u00c0 SMARRITA\/RUBATA\u201d.<\/p>\n<p style=\"text-align: justify;\">Non tutte le forze di polizia britanniche accettano denunce inerenti documenti esteri. In questo caso, \u00e8 possibile segnalare furto o smarrimento tramite il sito <a href=\"https:\/\/www.reportmyloss.com\/uk\/\"><strong>Report My Loss<\/strong><\/a><strong>\u00a0,<\/strong>\u00a0e inviare insieme al <a href=\"https:\/\/consmanchester.esteri.it\/it\/servizi-consolari-e-visti\/servizi-per-il-cittadino-italiano\/albo-consolare\/modulistica\/\">formulario<\/a> la ricevuta rilasciata dal sito.<\/p>\n","protected":false},"excerpt":{"rendered":"La CIE \u00e8 un documento multifunzionale in formato tessera: certifica l\u2019identit\u00e0 del cittadino, \u00e8 un documento di viaggio, riporta il codice fiscale e si pu\u00f2 utilizzare per richiedere un\u2019identit\u00e0 sul sistema\u00a0SPID\u00a0(Sistema Pubblico di Identit\u00e0 Digitale) con cui accedere ai servizi erogati dalle Pubbliche Amministrazioni Italiane.\u00a0Informazioni generali sulla CIE sono disponibili sul\u00a0sito della Farnesina,\u00a0per eventuali approfondimenti [&hellip;]","protected":false},"author":5,"featured_media":0,"parent":59,"menu_order":6,"comment_status":"closed","ping_status":"closed","template":"","meta":{"footnotes":""},"class_list":["post-424","page","type-page","status-publish","hentry"],"_links":{"self":[{"href":"https:\/\/consmanchester.esteri.it\/it\/wp-json\/wp\/v2\/pages\/424","targetHints":{"allow":["GET"]}}],"collection":[{"href":"https:\/\/consmanchester.esteri.it\/it\/wp-json\/wp\/v2\/pages"}],"about":[{"href":"https:\/\/consmanchester.esteri.it\/it\/wp-json\/wp\/v2\/types\/page"}],"author":[{"embeddable":true,"href":"https:\/\/consmanchester.esteri.it\/it\/wp-json\/wp\/v2\/users\/5"}],"replies":[{"embeddable":true,"href":"https:\/\/consmanchester.esteri.it\/it\/wp-json\/wp\/v2\/comments?post=424"}],"version-history":[{"count":10,"href":"https:\/\/consmanchester.esteri.it\/it\/wp-json\/wp\/v2\/pages\/424\/revisions"}],"predecessor-version":[{"id":8240,"href":"https:\/\/consmanchester.esteri.it\/it\/wp-json\/wp\/v2\/pages\/424\/revisions\/8240"}],"up":[{"embeddable":true,"href":"https:\/\/consmanchester.esteri.it\/it\/wp-json\/wp\/v2\/pages\/59"}],"wp:attachment":[{"href":"https:\/\/consmanchester.esteri.it\/it\/wp-json\/wp\/v2\/media?parent=424"}],"curies":[{"name":"wp","href":"https:\/\/api.w.org\/{rel}","templated":true}]}}