{"id":355,"date":"2023-07-31T10:08:50","date_gmt":"2023-07-31T09:08:50","guid":{"rendered":"https:\/\/consmanchester.esteri.it\/?page_id=355"},"modified":"2025-09-18T09:56:01","modified_gmt":"2025-09-18T08:56:01","slug":"verifica-esistenza-in-vita","status":"publish","type":"page","link":"https:\/\/consmanchester.esteri.it\/it\/servizi-consolari-e-visti\/servizi-per-il-cittadino-italiano\/verifica-esistenza-in-vita\/","title":{"rendered":"Verifica dell&#8217;esistenza in vita"},"content":{"rendered":"<p>Per continuare a percepire regolarmente la pensione, i pensionati INPS residenti nel Regno Unito <strong>devono fornire prova della loro esistenza in vita. <span style=\"text-decoration: underline;\">La campagna di verifica a cura dell&#8217;INPS prender\u00e0 avvio <\/span><span style=\"text-decoration: underline;\">a partire dal 17 settembre 2025 e si concluder\u00e0 entro il 15 gennaio 2026.<\/span><\/strong><\/p>\n<p>La verifica dell&#8217;esistenza in vita viene effettuata tramite <strong>Citibank<\/strong>, che curer\u00e0 la spedizione dei moduli di attestazione e delle relativa lettera esplicativa, alla quale il pensionato dovr\u00e0 fornire prova della propria esistenza in vita tramite una delle seguenti modalit\u00e0:<\/p>\n<ul>\n<li><strong>spedendo il<\/strong> <strong>modulo<\/strong>\u00a0<strong>ricevuto via posta da Citibank<\/strong> alla casella postale PO Box 4873, Worthing BN99 3BG, United Kingdom, <strong>entro il termine indicato nella lettera esplicativa<\/strong>. <strong>Il modulo dev&#8217;essere controfirmato da un \u201ctestimone accettabile&#8221;<\/strong> (es. medici, notai, avvocati, <a href=\"https:\/\/consmanchester.esteri.it\/it\/chi-siamo\/gli-uffici\/uffici-e-rete-consolare\/\">consoli onorari<\/a>&#8230; <u><a href=\"https:\/\/www.citibank.com\/tts\/sa\/inps\/acceptable_witness.html\">Clicca qui per un elenco completo<\/a><\/u><u>);<\/u><\/li>\n<li><strong>attraverso<\/strong> <a href=\"https:\/\/consmanchester.esteri.it\/it\/servizi-consolari-e-visti\/servizi-per-il-cittadino-italiano\/albo-consolare\/patronati\/\"><strong>un Patronato<\/strong><\/a> autorizzato ad accedere al portale predisposto da Citibank per attestare telematicamente l\u2019esistenza in vita dei pensionati;<\/li>\n<li>riscuotendo personalmente la pensione presso gli sportelli <strong>Western Union<\/strong>.<\/li>\n<\/ul>\n<hr \/>\n<p><strong>In alternativa, i pensionati INPS residenti nella <a href=\"https:\/\/consmanchester.esteri.it\/it\/chi-siamo\/\">circoscrizione consolare di Manchester<\/a>\u00a0possono ottenere la prova di esistenza tramite il Consolato<\/strong>.<\/p>\n<p>Per usufruire del servizio, il pensionato deve <strong>presentarsi <span style=\"text-decoration: underline;\">di persona<\/span><\/strong> in Consolato (58 Spring Gardens \u2013 Manchester M2 1EW), dalle 11:00 alle 13:00, da luned\u00ec a venerd\u00ec. <span style=\"text-decoration: underline;\">Non \u00e8 necessario un appuntamento<\/span>.<\/p>\n<p>Il pensionato dovr\u00e0 presentare allo sportello il <strong>modulo<\/strong> ricevuto da Citibank (gi\u00e0 firmato e compilato con i propri dati) e la <strong>fotocopia di un documento d\u2019identit\u00e0<\/strong> valido. Dopo le necessarie verifiche, l\u2019attestazione verr\u00e0 vidimata e restituita immediatamente.<\/p>\n<p>In caso di pensionati in stato di infermit\u00e0, ricovero, patologie debilitanti, detenzione, contattare <a href=\"mailto:manchester.anagrafe@esteri.it\">manchester.anagrafe@esteri.it<\/a> indicando la propria condizione e fornendo adeguata prova a sostegno della richiesta.<\/p>\n","protected":false},"excerpt":{"rendered":"Per continuare a percepire regolarmente la pensione, i pensionati INPS residenti nel Regno Unito devono fornire prova della loro esistenza in vita. La campagna di verifica a cura dell&#8217;INPS prender\u00e0 avvio a partire dal 17 settembre 2025 e si concluder\u00e0 entro il 15 gennaio 2026. La verifica dell&#8217;esistenza in vita viene effettuata tramite Citibank, che [&hellip;]","protected":false},"author":5,"featured_media":0,"parent":59,"menu_order":22,"comment_status":"closed","ping_status":"closed","template":"","meta":{"footnotes":""},"class_list":["post-355","page","type-page","status-publish","hentry"],"_links":{"self":[{"href":"https:\/\/consmanchester.esteri.it\/it\/wp-json\/wp\/v2\/pages\/355","targetHints":{"allow":["GET"]}}],"collection":[{"href":"https:\/\/consmanchester.esteri.it\/it\/wp-json\/wp\/v2\/pages"}],"about":[{"href":"https:\/\/consmanchester.esteri.it\/it\/wp-json\/wp\/v2\/types\/page"}],"author":[{"embeddable":true,"href":"https:\/\/consmanchester.esteri.it\/it\/wp-json\/wp\/v2\/users\/5"}],"replies":[{"embeddable":true,"href":"https:\/\/consmanchester.esteri.it\/it\/wp-json\/wp\/v2\/comments?post=355"}],"version-history":[{"count":7,"href":"https:\/\/consmanchester.esteri.it\/it\/wp-json\/wp\/v2\/pages\/355\/revisions"}],"predecessor-version":[{"id":7479,"href":"https:\/\/consmanchester.esteri.it\/it\/wp-json\/wp\/v2\/pages\/355\/revisions\/7479"}],"up":[{"embeddable":true,"href":"https:\/\/consmanchester.esteri.it\/it\/wp-json\/wp\/v2\/pages\/59"}],"wp:attachment":[{"href":"https:\/\/consmanchester.esteri.it\/it\/wp-json\/wp\/v2\/media?parent=355"}],"curies":[{"name":"wp","href":"https:\/\/api.w.org\/{rel}","templated":true}]}}