{"id":353,"date":"2023-07-31T09:45:27","date_gmt":"2023-07-31T08:45:27","guid":{"rendered":"https:\/\/consmanchester.esteri.it\/?page_id=353"},"modified":"2025-05-02T17:59:01","modified_gmt":"2025-05-02T16:59:01","slug":"dichiarazione-di-accompagnamento-per-minore","status":"publish","type":"page","link":"https:\/\/consmanchester.esteri.it\/it\/servizi-consolari-e-visti\/servizi-per-il-cittadino-italiano\/dichiarazione-di-accompagnamento-per-minore\/","title":{"rendered":"Minori di 14 anni che viaggiano senza i genitori"},"content":{"rendered":"<p>I cittadini italiani minori di 14 anni che debbano effettuare viaggi internazionali <strong>senza<\/strong> la presenza dei propri genitori, dovranno presentare alle autorit\u00e0 di frontiera una <strong>dichiarazione di accompagnamento<\/strong> da allegare al proprio passaporto o carta d\u2019identit\u00e0 italiani.<\/p>\n<p>Questo Consolato \u00e8 competente per il rilascio di dichiarazioni di accompagnamento unicamente nei casi in cui siano soddisfatte <strong>TUTTE<\/strong> le seguenti condizioni.<\/p>\n<p>Il minore:<\/p>\n<ul>\n<li><strong>\u00e8 cittadino italiano<\/strong>;<\/li>\n<li><strong>ha un\u2019et\u00e0 inferiore ai 14 anni<\/strong>;<\/li>\n<li><strong>viagger\u00e0 utilizzando un documento di viaggio italiano (passaporto o carta d\u2019identit\u00e0)<\/strong>. Ai doppi cittadini che viaggino utilizzando un documento d\u2019identit\u00e0 straniero, si applicheranno le norme del paese che ha emesso quel documento. Nel caso di minori italo-britannici che viaggino con passaporto UK si veda <a href=\"https:\/\/www.gov.uk\/permission-take-child-abroad\">questa pagina<\/a>;<\/li>\n<li><strong>risiede normalmente e si trova<\/strong>, al momento della richiesta,<strong> nella <a href=\"https:\/\/consmanchester.esteri.it\/it\/chi-siamo\/\">circoscrizione consolare di Manchester<\/a><\/strong>;<\/li>\n<li><strong>NON viagger\u00e0 accompagnato da un proprio genitore<\/strong>;<\/li>\n<li><strong>deve effettuare un viaggio\u00a0internazionale<\/strong> (coinvolger\u00e0 pi\u00f9 di una nazione).<\/li>\n<\/ul>\n<p>L\u2019accompagnatore indicato deve essere, alternativamente:<\/p>\n<ul>\n<li>almeno una persona fisica di et\u00e0 superiore ai 18 anni;<\/li>\n<li>una compagnia di trasporto (es. ITA, Ryanair, \u2026). Attenzione: la dichiarazione di accompagnamento NON garantisce che le compagnie di trasporto accettino minori non accompagnati. Si invitano pertanto gli interessati a verificare direttamente con queste se offrano servizi riguardanti la presa in affidamento di minori.<\/li>\n<\/ul>\n<hr \/>\n<p>I genitori interessati ad ottenere una dichiarazione di accompagnamento tramite questo Consolato devono presentare la seguente documentazione:<\/p>\n<ul>\n<li><strong>Fotocopia di un documento d&#8217;identit\u00e0 <\/strong>valido di\u00a0<strong>entrambi i genitori;<\/strong><\/li>\n<li><strong>Fotocopia di un documento d&#8217;identit\u00e0 <\/strong>valido di <strong>tutti gli accompagnatori<\/strong><strong>;<\/strong><\/li>\n<li><strong>Fotocopia del documento di identit\u00e0 italiano<\/strong> (carta d\u2019identit\u00e0 o passaporto)<strong> con il quale viagger\u00e0 il minore<\/strong> (incluse la parti\/pagine riportanti i nomi dei genitori e l\u2019ente emittente);<\/li>\n<li><a href=\"https:\/\/consmanchester.esteri.it\/wp-content\/uploads\/2024\/10\/Modulo-richiesta-attestazione-accompagnamento-minori-14-anni.doc.pdf\">Formulario di richiesta<\/a>, compilato e firmato in originale da entrambi i genitori. Se i genitori vivono separati sar\u00e0 necessario che firmino a turno lo stesso formulario prima di inviarlo al Consolato;<\/li>\n<li>Busta\u00a0<em><strong>special delivery<\/strong><\/em><strong> pre-affrancata e pre-indirizzata<\/strong>, tramite la quale il Consolato invier\u00e0 al richiedente la dichiarazione di accompagnamento.<\/li>\n<\/ul>\n<p>Tutta la documentazione sopra indicata dev&#8217;essere\u00a0<strong>spedita<\/strong> a:<\/p>\n<blockquote><p>Consolato d\u2019Italia<br \/>\nUfficio Notarile<br \/>\n58 Spring Gardens<br \/>\nManchester M2 1EW<\/p><\/blockquote>\n<hr \/>\n<p><strong>Se uno dei due genitori non \u00e8 cittadino italiano n\u00e9 dell&#8217;Unione europea<\/strong>, bisogna chiedere un appuntamento presso l\u2019Ufficio Notarile per presentare personalmente la richiesta di dichiarazione di accompagnamento.<\/p>\n<p>A tale scopo, sar\u00e0 necessario scrivere un\u2019email all\u2019indirizzo <a href=\"mailto:manchester.notarile@esteri.it\">manchester.notarile@esteri.it<\/a> inserendo le seguenti informazioni:<\/p>\n<ul>\n<li>Nome, cognome e nazionalit\u00e0 del genitore di nazionalit\u00e0 extracomunitaria che dovr\u00e0 presentarsi all\u2019appuntamento;<\/li>\n<li>Nome, cognome, data e luogo di nascita del minore di 14 anni per cui si intende richiedere la dichiarazione di accompagnamento;<\/li>\n<li>Data per la quale \u00e8 previsto il viaggio e paesi coinvolti (inclusi eventuali paesi di transito o scalo aeroportuale).<\/li>\n<\/ul>\n<p>Una volta verificata l\u2019accettabilit\u00e0 della richiesta, l\u2019Ufficio risponder\u00e0 offrendo un appuntamento in Consolato.\u00a0All\u2019appuntamento si dovr\u00e0 presentare solamente il genitore di nazionalit\u00e0 extracomunitaria.<\/p>\n<p>Nel caso in cui il genitore di nazionalit\u00e0 extra UE fosse impossibilitato a recarsi in Consolato, potr\u00e0 ottenere l\u2019autenticazione della propria firma sul <a href=\"https:\/\/consmanchester.esteri.it\/wp-content\/uploads\/2024\/10\/Modulo-richiesta-attestazione-accompagnamento-minori-14-anni.doc.pdf\">formulario di richiesta<\/a> sottoscrivendolo presso un <a href=\"https:\/\/consmanchester.esteri.it\/it\/chi-siamo\/gli-uffici\/uffici-e-rete-consolare\/\">consolare onorario<\/a> oppure un qualsiasi <a href=\"https:\/\/consmanchester.esteri.it\/it\/servizi-consolari-e-visti\/servizi-per-il-cittadino-italiano\/albo-consolare\/professionisti-patronati-e-associazioni\/notai-notaries-public\/\">notaio pubblico britannico<\/a>. In quest&#8217;ultimo caso, l&#8217;atto formato deve essere apostillato dal <a href=\"https:\/\/www.gov.uk\/get-document-legalised\">Legalisation Office<\/a>\u00a0(molti notai offrono anche questo servizio).<\/p>\n","protected":false},"excerpt":{"rendered":"I cittadini italiani minori di 14 anni che debbano effettuare viaggi internazionali senza la presenza dei propri genitori, dovranno presentare alle autorit\u00e0 di frontiera una dichiarazione di accompagnamento da allegare al proprio passaporto o carta d\u2019identit\u00e0 italiani. Questo Consolato \u00e8 competente per il rilascio di dichiarazioni di accompagnamento unicamente nei casi in cui siano soddisfatte [&hellip;]","protected":false},"author":5,"featured_media":0,"parent":59,"menu_order":13,"comment_status":"closed","ping_status":"closed","template":"","meta":{"footnotes":""},"class_list":["post-353","page","type-page","status-publish","hentry"],"_links":{"self":[{"href":"https:\/\/consmanchester.esteri.it\/it\/wp-json\/wp\/v2\/pages\/353","targetHints":{"allow":["GET"]}}],"collection":[{"href":"https:\/\/consmanchester.esteri.it\/it\/wp-json\/wp\/v2\/pages"}],"about":[{"href":"https:\/\/consmanchester.esteri.it\/it\/wp-json\/wp\/v2\/types\/page"}],"author":[{"embeddable":true,"href":"https:\/\/consmanchester.esteri.it\/it\/wp-json\/wp\/v2\/users\/5"}],"replies":[{"embeddable":true,"href":"https:\/\/consmanchester.esteri.it\/it\/wp-json\/wp\/v2\/comments?post=353"}],"version-history":[{"count":7,"href":"https:\/\/consmanchester.esteri.it\/it\/wp-json\/wp\/v2\/pages\/353\/revisions"}],"predecessor-version":[{"id":6304,"href":"https:\/\/consmanchester.esteri.it\/it\/wp-json\/wp\/v2\/pages\/353\/revisions\/6304"}],"up":[{"embeddable":true,"href":"https:\/\/consmanchester.esteri.it\/it\/wp-json\/wp\/v2\/pages\/59"}],"wp:attachment":[{"href":"https:\/\/consmanchester.esteri.it\/it\/wp-json\/wp\/v2\/media?parent=353"}],"curies":[{"name":"wp","href":"https:\/\/api.w.org\/{rel}","templated":true}]}}