{"id":1734,"date":"2024-02-28T15:16:13","date_gmt":"2024-02-28T15:16:13","guid":{"rendered":"https:\/\/consmanchester.esteri.it\/?page_id=1734"},"modified":"2025-04-14T18:32:38","modified_gmt":"2025-04-14T17:32:38","slug":"assistenza-consolare","status":"publish","type":"page","link":"https:\/\/consmanchester.esteri.it\/it\/servizi-consolari-e-visti\/servizi-per-il-cittadino-italiano\/assistenza-consolare\/","title":{"rendered":"Assistenza consolare"},"content":{"rendered":"<p><strong>ASSISTENZA AI CITTADINI ALL\u2019ESTERO<\/strong><\/p>\n<p>Il Consolato d\u2019Italia a Manchester puo\u2019 fornire assistenza consolare ai cittadini italiani della propria <a href=\"https:\/\/consmanchester.esteri.it\/it\/chi-siamo\/\">circoscrizione<\/a> che si trovino in situazioni di difficolt\u00e0. Tali situazioni includono:<\/p>\n<ul>\n<li>protezione consolare minori<\/li>\n<li>minori contesi e sottrazione di minori<\/li>\n<li>emissione di documenti a favore del minore in assenza del consenso dell\u2019altro genitore<\/li>\n<li>autorizzazioni a procedere in atti per conto del minore<\/li>\n<li>denunce di fatti o eventi, querele e remissioni di querela<\/li>\n<li>assistenza ai detenuti<\/li>\n<li>assistenza nella ricerca di connazionali<\/li>\n<li>assistenza economica<\/li>\n<\/ul>\n<p>Le attivit\u00e0 del Consolato si conformano alla normativa vigente in <a href=\"https:\/\/consmanchester.esteri.it\/it\/servizi-consolari-e-visti\/servizi-per-il-cittadino-italiano\/altri-servizi\/albo-consolare\/informativa-dati-personali-servizi-consolari\/%5d\">materia di protezione dei dati personali<\/a>. Tra le altre cose, cio\u2019 implica l\u2019impossibilit\u00e0 di condividere informazioni sensibili e dati personali senza il consenso dell\u2019interessato, nemmeno con i suoi familiari.<\/p>\n<p>In questa pagina troverete informazioni sulle forme di assistenza consolare piu\u2019 frequenti. Per ulteriori servizi (rimpatri, introduzione di farmaci in Italia, introduzione di armi in Italia, introduzione di animali domestici in Italia&#8230; ) si prega di scrivere all\u2019indirizzo <a href=\"mailto:manchester.sociale@esteri.it\">manchester.sociale@esteri.it<\/a>.<\/p>\n<p>&nbsp;<\/p>\n<p>ATTENZIONE! L\u2019Ufficio Assistenza Consolare non si occupa di urgenze riguardanti altri servizi consolari, come passaporti, carte di identit\u00e0 elettroniche, iscrizioni AIRE o servizi notarili. Per tali questioni si invita il pubblico ad indirizzare le richieste alle email dei <a href=\"https:\/\/consmanchester.esteri.it\/it\/chi-siamo\/gli-uffici\/\">singoli Uffici competenti<\/a>.<\/p>\n<p>&nbsp;<\/p>\n<p>TUTTE le comunicazioni inviate all\u2019ufficio Assistenza Consolare devono riportare i dati anagrafici dello scrivente e delle persone per cui di chiede assistenza (cognome, nome, data di nascita, luogo di nascita&#8230; ).<\/p>\n<p>&nbsp;<\/p>\n<p><u>Minori contesi<\/u><\/p>\n<p>Con l\u2019espressione \u201csottrazione internazionale di minori\u201d (cd. \u201cminori contesi\u201d) si indica la situazione in cui un minore viene illecitamente condotto all\u2019estero da chi non esercita la potest\u00e0 esclusiva senza alcuna autorizzazione, oppure non viene ricondotto nel Paese di residenza abituale a seguito di un soggiorno all\u2019estero.<\/p>\n<p>&nbsp;<\/p>\n<p>Il principale strumento a disposizione del genitore per il recupero del minore \u00e8 la <a href=\"https:\/\/www.esteri.it\/mae\/normative\/Normativa_Consolare\/ServiziConsolari\/TutelaConsolare\/Minori\/convaja_251080.pdf\">Convenzione dell\u2019Aja del 25.10.1980<\/a>, che, tra le altre cose, definisce norme per garantire l\u2019esercizio del diritto di visita dei genitori o l\u2019immediato rientro del minore nello Stato di residenza abituale. La Convenzione, in particolare, individua per ogni Paese un\u2019Autorit\u00e0 Centrale che, attraverso specifici canali, si adopera per la localizzazione del minore sottratto e attiva le procedure volte al suo rientro. Per maggiori informazioni, si prega di vistare l\u2019apposita sezione del <a href=\"https:\/\/www.esteri.it\/it\/servizi-consolari-e-visti\/italiani-all-estero\/minori-estero\/sottrazioneinternazionalediminori\/\">Ministero degli Affari Esteri e della Cooperazione Internazionale<\/a>. Le autorit\u00e0 consolari non hanno diretto potere di intervento per risolvere questi casi. Esse tuttavia possono seguire i casi su segnalazione delle Autorit\u00e0, o per eventuale assistenza ai genitori e ai minori stessi.<\/p>\n<p>&nbsp;<\/p>\n<p>Se un minore abitualmente residente nella circoscrizione di Manchester \u00e8 oggetto di sottrazione internazionale, si prega di rivolgersi immediatamente all\u2019<a href=\"https:\/\/www.hcch.net\/en\/states\/authorities\/details3\/?aid=132\">Autorit\u00e0 Centrale britannica<\/a>.<\/p>\n<p>Se si \u00e8 a conoscenza o si ha il sospetto che un minore abitualmente residente in Italia si trovi nella circoscrizione di Manchester, si prega di rivolgersi al Dipartimento per la giustizia minorile e di comunit\u00e0 presso il <a href=\"https:\/\/www.hcch.net\/en\/states\/authorities\/details3\/?aid=100\">Ministero della Giustizia<\/a>.<\/p>\n<p>&nbsp;<\/p>\n<p>Per altre informazioni, si prega di scrivere all\u2019indirizzo <a href=\"mailto:manchester.sociale@esteri.it\">manchester.sociale@esteri.it<\/a>.<\/p>\n<p>&nbsp;<\/p>\n<p><u>Decreto del Giudice Tutelare<\/u><\/p>\n<p>Il Console, in qualit\u00e0 di giudice tutelare, puo\u2019 intervenire in questioni o controversie riguardanti persone incapaci o non del tutto capaci di provvedere da sole ai propri interessi, a loro tutela. Ogni suo provvedimento \u00e8 adottato nell\u2019esclusivo interesse della persona (minore, incapace, minorenne, ecc.) per il quale il suo intervento \u00e8 stato richiesto, come ad esempio: autorizzazione il rilascio di un documento valido per l\u2019espatrio al minore quando manchi l\u2019assenso dell\u2019esercente la potest\u00e0 alla pagina <a href=\"https:\/\/consmanchester.esteri.it\/it\/servizi-consolari-e-visti\/servizi-per-il-cittadino-italiano\/passaporti-e-carte-didentita\/\">Passaporti \u2013 Consolato d&#8217;Italia a Manchester (esteri.it)<\/a>], autorizzazione ad atti di straordinaria amministrazione relativi al patrimonio di figli minori, nomina di un curatore speciale, nomina un amministratore di sostegno, adozione di provvedimenti urgenti in favore del minore o dell\u2019interdetto, nomina di tutore o protutore. Per ulteriori approfondimenti consultare il la pagina <a href=\"https:\/\/www.esteri.it\/it\/servizi-consolari-e-visti\/italiani-all-estero\/tutela-e-amministrazione-di-sostegno\/\">Tutela e amministrazione di sostegno del Ministero degli Affari Esteri e della Cooperazione Internazionale<\/a>.<\/p>\n<p>&nbsp;<\/p>\n<p>Per l\u2019istanza di un decreto di giudice tutelare volto ad ottenere un passaporto o altro documento di viaggio, si prega di leggere lo specifico paragrafo alla pagina dedicata ai <a href=\"https:\/\/consmanchester.esteri.it\/it\/servizi-consolari-e-visti\/servizi-per-il-cittadino-italiano\/passaporti-e-carte-didentita\/\">Passaporti \u2013 Consolato d&#8217;Italia a Manchester (esteri.it)<\/a>. Per tutti gli altri casi, si prega di scrivere all\u2019indirizzo <a href=\"mailto:manchester.sociale@esteri.it\">manchester.sociale@esteri.it<\/a> specificando il motivo della richiesta.<\/p>\n<p>&nbsp;<\/p>\n<p><u>Assistenza ai detenuti<\/u><\/p>\n<p>Nel caso in cui un connazionale sia in stato di fermo, arresto o detenzione nella <a href=\"https:\/\/consmanchester.esteri.it\/it\/chi-siamo\/gli-uffici\/\">circoscrizione<\/a>, il Consolato puo\u2019 offrire assistenza al connazionale e\/o ai familiari. Si specifica che il Consolato NON puo\u2019:<\/p>\n<ul>\n<li>fornire assistenza legale;<\/li>\n<li>intervenire in giudizio per conto del connazionale;<\/li>\n<li>sostenere le spese legali del detenuto.<\/li>\n<\/ul>\n<p>&nbsp;<\/p>\n<p>ATTENZIONE! Alcune operazioni possono essere svolte direttamente dagli interessati. In particolare:<\/p>\n<p>&#8211; l\u2019ubicazione di un detenuto del quale non si conosce l\u2019istituto di reclusione puo\u2019 essere richiesta alle Autorit\u00e0 tramite il sito <a href=\"https:\/\/www.gov.uk\/find-prisoner\">Find a prisoner<\/a>;<\/p>\n<p>&#8211; qualora si necessiti di assistenza legale, e\u2019 possibile consultare questa pagina <a href=\"https:\/\/consmanchester.esteri.it\/it\/servizi-consolari-e-visti\/servizi-per-il-cittadino-italiano\/altri-servizi\/albo-consolare\/professionisti-patronati-e-associazioni\/\">Professionisti \u2013 Consolato d&#8217;Italia a Manchester (esteri.it)<\/a><u>,<\/u> per una lista non vincolante e non esaustiva di alcuni legali operanti presso questa circoscrizione consolare, oppure i siti Citizen Advice <a href=\"https:\/\/www.citizensadvice.org.uk\/law-and-courts\/legal-system\/finding-free-or-affordable-legal-help\/\">Finding free or affordable legal help &#8211; Citizens Advice<\/a> o Find a Solicitor\u00a0 <a href=\"https:\/\/solicitors.lawsociety.org.uk\/\">Find a Solicitor &#8211; The Law Society<\/a> per consulenze legali o un supporto in tribunale, gratuiti o pi\u00f9 economici;<\/p>\n<p>&#8211; per i familiari o conoscenti intenzionati a rimanere in contatto con un detenuto o che necessitano supporto, invitiamo a consultare le seguenti pagine: <a href=\"https:\/\/www.gov.uk\/staying-in-touch-with-someone-in-prison\">Staying in touch with someone in priso<\/a><u>n<\/u> e <a href=\"https:\/\/www.gov.uk\/support-for-families-friends-of-prisoners\">Support for families and friends of prisoners<\/a><\/p>\n<p>&nbsp;<\/p>\n<p>Per altri tipi di assistenza, si prega di scrivere all\u2019indirizzo <a href=\"mailto:manchester.sociale@esteri.it\">manchester.sociale@esteri.it<\/a><\/p>\n<p>&nbsp;<\/p>\n<p><u>Assistenza in caso di indigenza<\/u><\/p>\n<p>In casi particolarmente gravi indigenza economica, \u00e8 possibile rivolgersi a questo Consolato per avere assistenza specifica. Tale assistenza puo\u2019 assumere la forma di un sostegno <em>una tantum<\/em>, economico o di altro tipo, per superare il momento. I presupposti per ottenere l\u2019assistenza sono:<\/p>\n<ul>\n<li>cittadinanza italiana;<\/li>\n<li>residenza nella circoscrizione consolare;<\/li>\n<li>comprovato stato di indigenza.<\/li>\n<\/ul>\n<p>Per accedere al servizio, si prega di compilare <strong>l\u2019apposito modulo <a href=\"https:\/\/consmanchester.esteri.it\/it\/servizi-consolari-e-visti\/servizi-per-il-cittadino-italiano\/altri-servizi\/albo-consolare\/modulistica\/\">Modulistica \u2013 Consolato d&#8217;Italia a Manchester (esteri.it)<\/a> .<\/strong> Il modulo, debitamente compilato e accompagnato da copia del documento di identit\u00e0 ed eventuale documentazione comprovante la situazione di indigenza, deve essere inviato all\u2019indirizzo email <a href=\"mailto:manchester.sociale@esteri.it\">manchester.sociale@esteri.it<\/a>.<\/p>\n<p>&nbsp;<\/p>\n<p><u>Assistenza nella ricerca di connazionali<\/u><\/p>\n<p>Gli Uffici consolari effettuano, nei limiti degli strumenti ammessi dalla legislazione locale, ricerche per le quali il richiedente abbia dimostrato un interesse legittimo. Le richieste vanno indirizzate direttamente via email all\u2019Ufficio Assistenza Consolare (<a href=\"mailto:manchester.sociale@esteri.it\">manchester.sociale@esteri.it<\/a>) mediante istanza autografa motivata (in carta semplice), allegando la copia di un documento d\u2019identit\u00e0 valido del richiedente e specificando nella comunicazione i dati anagrafici della persona scomparsa, oltre ad ogni utile elemento per la ricerca.<\/p>\n<p>&nbsp;<\/p>\n<p>In caso di persone scomparse deve essere presentata una denuncia ai competenti organi di polizia locale. Si consiglia di leggere le istruzioni riportate alla pagina <a href=\"https:\/\/www.gov.uk\/report-missing-person\">Report or find a missing person<\/a>. Copia di tale denuncia (possibilmente in formato pdf) deve essere trasmessa all\u2019Ufficio Assistenza Consolare (<a href=\"mailto:manchester.sociale@esteri.it\">manchester.sociale@esteri.it<\/a>) e, per conoscenza, all\u2019Unit\u00e0\u00a0 per la tutela degli italiani all\u2019estero e la cooperazione giudiziaria internazionale del Ministero degli Affari Esteri e della Cooperazione Internazionale <a href=\"mailto:dgit.tutela@esteri.it\">dgit.tutela@esteri.it<\/a>.<\/p>\n<p>&nbsp;<\/p>\n<p><u>Rimpatrio<\/u><\/p>\n<p>Il Consolato pu\u00f2 fornire assistenza, in collaborazione con gli enti territorialmente competenti (Prefetture, Questure, Comuni, Unit\u00e0 Sanitarie Locali, Servizi Sociali), per il rimpatrio dei connazionali che si trovino in situazioni di gravi difficolt\u00e0, tra cui: motivi economici o sanitari, minori in stato di abbandono, persone affette da disturbi psichici, espulsione dal territorio britannico. Eventuali richieste devono essere trasmesse all\u2019indirizzo <a href=\"mailto:manchester.sociale@esteri.it\">manchester.sociale@esteri.it<\/a>.<\/p>\n<p>&nbsp;<\/p>\n<p><u>Denunce di fatti o eventi, esposti, querele e remissioni di querela<\/u><\/p>\n<p>Tramite questo Consolato, \u00e8 possibile presentare o revocare alle Autorit\u00e0 competenti in Italia denunce, querele ed esposti\u00a0 <a href=\"https:\/\/www.giustizia.it\/giustizia\/it\/mg_3_2_16.page\">Ministero della giustizia | Denuncia, esposto, querela<\/a> su fatti o eventi avvenuti in Italia o aventi rilevanza ai sensi del diritto italiano. Per fatti avvenuti nel Regno Unito si prega di rivolgersi all\u2019Autorit\u00e0 di polizia britannica territorialmente competente\u00a0 <a href=\"https:\/\/www.police.uk\/\">Home | Police.uk (www.police.uk)<\/a>. Prima di procedere, consigliamo di consultarsi con un legale. Un elenco non esaustivo di professionisti noti a questo Consolato \u00e8 disponibile a questa pagina <a href=\"https:\/\/consmanchester.esteri.it\/it\/servizi-consolari-e-visti\/servizi-per-il-cittadino-italiano\/altri-servizi\/albo-consolare\/professionisti-patronati-e-associazioni\/\">Professionisti \u2013 Consolato d&#8217;Italia a Manchester (esteri.it)<\/a>.<\/p>\n<p>&nbsp;<\/p>\n<p>Gli interessati dovranno richiedere un appuntamento scrivendo all\u2019indirizzo\u00a0<a href=\"mailto:manchester.sociale@esteri.it\">manchester.sociale@esteri.it<\/a>. L\u2019email di richiesta dovr\u00e0 contenere:<\/p>\n<ul>\n<li>scansione di un proprio documento di identit\u00e0 in corso di validit\u00e0;<\/li>\n<li><a href=\"https:\/\/consmanchester.esteri.it\/wp-content\/uploads\/2024\/02\/Denuncia.docx\">Modulo <\/a>appositamente compilato con una descrizione dei fatti che si vogliono rappresentare alle Autorit\u00e0 italiane, redatto in formato modificabile (ad es. Word) e in lingua italiana, <strong>NON <\/strong>firmato<strong>.<\/strong><\/li>\n<\/ul>\n<p>&nbsp;<\/p>\n<p>Una volta ricevuta la richiesta, l\u2019Ufficio offrir\u00e0 un appuntamento in Consolato per formalizzare l\u2019istanza. All\u2019appuntamento l\u2019interessato dovr\u00e0 presentarsi con un documento di identit\u00e0, e sottoscriver\u00e0 di fronte al personale del Consolato la denuncia\/querela\/esposto che poi verr\u00e0 inviata alle Autorita\u2019 indicate dall\u2019istante dal Consolato.<\/p>\n","protected":false},"excerpt":{"rendered":"ASSISTENZA AI CITTADINI ALL\u2019ESTERO Il Consolato d\u2019Italia a Manchester puo\u2019 fornire assistenza consolare ai cittadini italiani della propria circoscrizione che si trovino in situazioni di difficolt\u00e0. Tali situazioni includono: protezione consolare minori minori contesi e sottrazione di minori emissione di documenti a favore del minore in assenza del consenso dell\u2019altro genitore autorizzazioni a procedere in [&hellip;]","protected":false},"author":10,"featured_media":0,"parent":59,"menu_order":2,"comment_status":"closed","ping_status":"closed","template":"","meta":{"footnotes":""},"class_list":["post-1734","page","type-page","status-publish","hentry"],"_links":{"self":[{"href":"https:\/\/consmanchester.esteri.it\/it\/wp-json\/wp\/v2\/pages\/1734","targetHints":{"allow":["GET"]}}],"collection":[{"href":"https:\/\/consmanchester.esteri.it\/it\/wp-json\/wp\/v2\/pages"}],"about":[{"href":"https:\/\/consmanchester.esteri.it\/it\/wp-json\/wp\/v2\/types\/page"}],"author":[{"embeddable":true,"href":"https:\/\/consmanchester.esteri.it\/it\/wp-json\/wp\/v2\/users\/10"}],"replies":[{"embeddable":true,"href":"https:\/\/consmanchester.esteri.it\/it\/wp-json\/wp\/v2\/comments?post=1734"}],"version-history":[{"count":6,"href":"https:\/\/consmanchester.esteri.it\/it\/wp-json\/wp\/v2\/pages\/1734\/revisions"}],"predecessor-version":[{"id":1758,"href":"https:\/\/consmanchester.esteri.it\/it\/wp-json\/wp\/v2\/pages\/1734\/revisions\/1758"}],"up":[{"embeddable":true,"href":"https:\/\/consmanchester.esteri.it\/it\/wp-json\/wp\/v2\/pages\/59"}],"wp:attachment":[{"href":"https:\/\/consmanchester.esteri.it\/it\/wp-json\/wp\/v2\/media?parent=1734"}],"curies":[{"name":"wp","href":"https:\/\/api.w.org\/{rel}","templated":true}]}}