{"id":1093,"date":"2023-12-14T11:20:13","date_gmt":"2023-12-14T11:20:13","guid":{"rendered":"https:\/\/consmanchester.esteri.it\/?page_id=1093"},"modified":"2025-04-30T01:14:09","modified_gmt":"2025-04-30T00:14:09","slug":"associazioni-e-patronati","status":"publish","type":"page","link":"https:\/\/consmanchester.esteri.it\/it\/servizi-consolari-e-visti\/servizi-per-il-cittadino-italiano\/albo-consolare\/associazioni-e-patronati\/","title":{"rendered":"Associazioni"},"content":{"rendered":"<p><em>L\u2019associazionismo italiano all\u2019estero rappresenta una ricchezza di tradizione e cultura di indubbio valore. Si tratta di un mondo composito che ha mostrato e deve sempre pi\u00f9 mostrare la capacit\u00e0 di adeguarsi alle mutazioni sociali, culturali e generazionali delle collettivit\u00e0 di riferimento.<\/em><\/p>\n<p>Per garantire una mappatura adeguata dell&#8217;associazionismo italiano, il Consolato di Italia a Manchester ha istituito un apposito albo. Le Associazioni con sede nella <a href=\"https:\/\/consmanchester.esteri.it\/it\/chi-siamo\/\">circoscrizione consolare<\/a> sono invitate a iscriversi utilizzando l&#8217;<a href=\"https:\/\/consmanchester.esteri.it\/wp-content\/uploads\/2023\/10\/modulo_inserimento_albo_associazioni_mcr_def.doc\">apposito modello<\/a>.<\/p>\n<p>Sar\u00e0 cura del Consolato vagliare la richiesta e inserire le associazioni che rispettano i requisiti di cui alla <a href=\"https:\/\/www.esteri.it\/it\/ministero\/normativaonline\/circolari\/circolari-anno-2013\/\">Circolare MAE n. 2\/2013<\/a> nell\u2019apposito database.<\/p>\n<hr \/>\n<div class=\"entry-content\">\n<div class=\"entry-content\">\n<p style=\"text-align: center;\"><em><strong><span style=\"text-decoration: underline;\">Albo delle Associazioni italiane all&#8217;estero<\/span><br \/>\nCircoscrizione Consolare di Manchester<\/strong><\/em><\/p>\n<\/div>\n<\/div>\n<table>\n<tbody>\n<tr>\n<td><strong>Nome associazione<\/strong><\/td>\n<td><strong>Presidente<\/strong><\/td>\n<td><strong>Contatti<\/strong><\/td>\n<td><strong>Anno di costituzione<\/strong><\/td>\n<td><strong>Rilevanza <em>ex<\/em> Circ. 2\/2013<\/strong><\/td>\n<\/tr>\n<tr>\n<td><strong>MIE-ISLE OF MAN<\/strong><\/td>\n<td>Sara Raimondo<\/td>\n<td><a href=\"mailto:mieita.iom@gmail.com\">mieita.iom@gmail.com<\/a><\/p>\n<p>07857800896<\/p>\n<p>FB &#8211; Circolo MIE &#8211; Isle of Man | Facebook<\/td>\n<td>2023<\/td>\n<td>SI<\/td>\n<\/tr>\n<tr>\n<td><strong>AATIM: ASSOCIAZIONE AMICI TEATRO ITALIANO MANCHESTER<\/strong><\/td>\n<td>Giacomo Fuschi<\/td>\n<td><a href=\"mailto:aatimanchester@gmail.com\">\u00a0aatimanchester@gmail.com<\/a><\/p>\n<p>07500062092\/07876257877<\/p>\n<p>FB- @aatimanchester<\/td>\n<td>2022<\/td>\n<td>NO<\/td>\n<\/tr>\n<tr>\n<td><strong>CIRCOLO ACLI YORK\u00a0<\/strong><\/td>\n<td>Silvana Poloni<\/td>\n<td><a href=\"mailto:volontari.acli.york@gmail.com\">volontari.acli.york@gmail.com<\/a><\/p>\n<p>07745986945<\/p>\n<p>FB- AcliYork<\/td>\n<td><strong>\u00a0<\/strong>2019<\/td>\n<td>SI<\/td>\n<\/tr>\n<tr>\n<td><strong>MAMMAMIA LIVERPOOL<\/strong><\/td>\n<td>Pasqualina Romano<\/td>\n<td><a href=\"mailto:mammamialiverpool@gmail.com\">mammamialiverpool@gmail.com<\/a><\/p>\n<p>07402082342<\/p>\n<p>FB@mammamialiverpool<\/td>\n<td>2017<\/td>\n<td>NO<\/td>\n<\/tr>\n<\/tbody>\n<\/table>\n","protected":false},"excerpt":{"rendered":"L\u2019associazionismo italiano all\u2019estero rappresenta una ricchezza di tradizione e cultura di indubbio valore. Si tratta di un mondo composito che ha mostrato e deve sempre pi\u00f9 mostrare la capacit\u00e0 di adeguarsi alle mutazioni sociali, culturali e generazionali delle collettivit\u00e0 di riferimento. Per garantire una mappatura adeguata dell&#8217;associazionismo italiano, il Consolato di Italia a Manchester ha [&hellip;]","protected":false},"author":10,"featured_media":0,"parent":3351,"menu_order":2,"comment_status":"closed","ping_status":"closed","template":"","meta":{"footnotes":""},"class_list":["post-1093","page","type-page","status-publish","hentry"],"_links":{"self":[{"href":"https:\/\/consmanchester.esteri.it\/it\/wp-json\/wp\/v2\/pages\/1093","targetHints":{"allow":["GET"]}}],"collection":[{"href":"https:\/\/consmanchester.esteri.it\/it\/wp-json\/wp\/v2\/pages"}],"about":[{"href":"https:\/\/consmanchester.esteri.it\/it\/wp-json\/wp\/v2\/types\/page"}],"author":[{"embeddable":true,"href":"https:\/\/consmanchester.esteri.it\/it\/wp-json\/wp\/v2\/users\/10"}],"replies":[{"embeddable":true,"href":"https:\/\/consmanchester.esteri.it\/it\/wp-json\/wp\/v2\/comments?post=1093"}],"version-history":[{"count":6,"href":"https:\/\/consmanchester.esteri.it\/it\/wp-json\/wp\/v2\/pages\/1093\/revisions"}],"predecessor-version":[{"id":6029,"href":"https:\/\/consmanchester.esteri.it\/it\/wp-json\/wp\/v2\/pages\/1093\/revisions\/6029"}],"up":[{"embeddable":true,"href":"https:\/\/consmanchester.esteri.it\/it\/wp-json\/wp\/v2\/pages\/3351"}],"wp:attachment":[{"href":"https:\/\/consmanchester.esteri.it\/it\/wp-json\/wp\/v2\/media?parent=1093"}],"curies":[{"name":"wp","href":"https:\/\/api.w.org\/{rel}","templated":true}]}}